{"id":147,"date":"2025-07-11T09:14:54","date_gmt":"2025-07-11T09:14:54","guid":{"rendered":"https:\/\/www.soul-brasileira.org\/?page_id=147"},"modified":"2025-09-01T08:31:18","modified_gmt":"2025-09-01T08:31:18","slug":"roda-de-samba-marseille","status":"publish","type":"page","link":"https:\/\/www.soul-brasileira.org\/index.php\/roda-de-samba-marseille\/","title":{"rendered":"Roda de samba"},"content":{"rendered":"<p>[et_pb_section fb_built=\u00a0\u00bb1&Prime; admin_label=\u00a0\u00bbHeader\u00a0\u00bb _builder_version=\u00a0\u00bb4.25.1&Prime; _module_preset=\u00a0\u00bbdefault\u00a0\u00bb locked=\u00a0\u00bboff\u00a0\u00bb global_colors_info=\u00a0\u00bb{}\u00a0\u00bb][et_pb_row column_structure=\u00a0\u00bb1_2,1_2&Prime; _builder_version=\u00a0\u00bb4.25.1&Prime; _module_preset=\u00a0\u00bbdefault\u00a0\u00bb custom_margin=\u00a0\u00bb|auto|70px|auto||\u00a0\u00bb global_colors_info=\u00a0\u00bb{}\u00a0\u00bb][et_pb_column type=\u00a0\u00bb1_2&Prime; _builder_version=\u00a0\u00bb4.25.1&Prime; _module_preset=\u00a0\u00bbdefault\u00a0\u00bb custom_padding=\u00a0\u00bb10%||||false|false\u00a0\u00bb custom_padding_tablet=\u00a0\u00bb0%||||false|false\u00a0\u00bb custom_padding_phone=\u00a0\u00bb\u00a0\u00bb custom_padding_last_edited=\u00a0\u00bbon|desktop\u00a0\u00bb global_colors_info=\u00a0\u00bb{}\u00a0\u00bb][et_pb_heading title=\u00a0\u00bbRoda de Samba\u00a0\u00bb _builder_version=\u00a0\u00bb4.27.4&Prime; _module_preset=\u00a0\u00bb0ab01ac6-d212-45b0-ad21-6517eb091f0f\u00a0\u00bb title_font=\u00a0\u00bbLato|700|||||||\u00a0\u00bb custom_margin=\u00a0\u00bb-104px||10px||false|false\u00a0\u00bb locked=\u00a0\u00bboff\u00a0\u00bb][\/et_pb_heading][et_pb_text _builder_version=\u00a0\u00bb4.27.4&Prime; _module_preset=\u00a0\u00bbdeeaedbb-95bf-4e0d-810f-98b914e23cd5&Prime; text_font=\u00a0\u00bbLato||||||||\u00a0\u00bb custom_margin=\u00a0\u00bb|-86px||||\u00a0\u00bb global_colors_info=\u00a0\u00bb{}\u00a0\u00bb]<\/p>\n<p><strong>L&rsquo;association Soul Brasileira<\/strong>\u00a0est un espace de <strong data-start=\"675\" data-end=\"723\">transmission vivante de la samba br\u00e9silienne<\/strong> sous sa forme la plus authentique : la <strong data-start=\"763\" data-end=\"780\">roda de samba<\/strong>. Fond\u00e9e par des artistes et passionn\u00e9s de culture br\u00e9silienne, l\u2019association a pour mission de faire d\u00e9couvrir, enseigner et valoriser cet art populaire au c\u0153ur de Marseille.<\/p>\n<p>Nous proposons tout au long de l\u2019ann\u00e9e :<\/p>\n<ul>\n<li data-start=\"1000\" data-end=\"1094\">des <strong data-start=\"1004\" data-end=\"1042\">cours et ateliers de samba de raiz<\/strong> (chant, cavaquinho, percussions, rythme collectif),<\/li>\n<li data-start=\"1097\" data-end=\"1198\">des <strong data-start=\"1101\" data-end=\"1133\">sessions de pratique en roda<\/strong> (mise en situation r\u00e9elle, \u00e9coute active, interaction musicale),<\/li>\n<li data-start=\"1201\" data-end=\"1279\">des <strong data-start=\"1205\" data-end=\"1250\">initiations \u00e0 la culture afro-br\u00e9silienne<\/strong> et \u00e0 l\u2019histoire de la samba.<\/li>\n<\/ul>\n<p>Nos ateliers sont ouverts \u00e0 tous niveaux \u2013 <strong data-start=\"1324\" data-end=\"1375\">d\u00e9butants, musiciens amateurs ou professionnels<\/strong>, et s\u2019adressent \u00e0 toute personne souhaitant vivre la roda comme une exp\u00e9rience collective et chaleureuse. Plus qu\u2019un simple cours, chaque roda est une <strong data-start=\"1527\" data-end=\"1585\">transmission orale, un partage d\u2019\u00e9nergie et de culture<\/strong>.<\/p>\n<p>Bas\u00e9e \u00e0 Marseille, notre association rayonne aussi dans la r\u00e9gion PACA \u00e0 travers des collaborations artistiques, des interventions p\u00e9dagogiques et des \u00e9v\u00e9nements publics.<\/p>\n<p>\ud83c\udfb6 <strong data-start=\"1763\" data-end=\"1881\">Rejoignez-nous pour apprendre, jouer, et vivre la samba comme au Br\u00e9sil, dans la joie et la g\u00e9n\u00e9rosit\u00e9 de la roda.<\/strong><\/p>\n<p>[\/et_pb_text][\/et_pb_column][et_pb_column type=\u00a0\u00bb1_2&Prime; _builder_version=\u00a0\u00bb4.25.1&Prime; _module_preset=\u00a0\u00bbdefault\u00a0\u00bb custom_padding=\u00a0\u00bb||||false|false\u00a0\u00bb global_colors_info=\u00a0\u00bb{}\u00a0\u00bb][et_pb_image src=\u00a0\u00bbhttp:\/\/www.soul-brasileira.org\/wp-content\/uploads\/2025\/07\/lili-nascimento-soul-brasileira-marseille-scaled.webp\u00a0\u00bb title_text=\u00a0\u00bblili nascimento soul brasileira marseille\u00a0\u00bb _builder_version=\u00a0\u00bb4.27.4&Prime; _module_preset=\u00a0\u00bbdefault\u00a0\u00bb custom_margin=\u00a0\u00bb|-13vw||18%|false|false\u00a0\u00bb custom_margin_tablet=\u00a0\u00bb|0vw||0%|false|false\u00a0\u00bb custom_margin_phone=\u00a0\u00bb\u00a0\u00bb custom_margin_last_edited=\u00a0\u00bbon|phone\u00a0\u00bb box_shadow_style=\u00a0\u00bbpreset3&Prime; box_shadow_vertical=\u00a0\u00bb30px\u00a0\u00bb box_shadow_blur=\u00a0\u00bb100px\u00a0\u00bb box_shadow_spread=\u00a0\u00bb-30px\u00a0\u00bb global_colors_info=\u00a0\u00bb{}\u00a0\u00bb][\/et_pb_image][\/et_pb_column][\/et_pb_row][\/et_pb_section][et_pb_section fb_built=\u00a0\u00bb1&Prime; fullwidth=\u00a0\u00bbon\u00a0\u00bb _builder_version=\u00a0\u00bb4.27.4&Prime; _module_preset=\u00a0\u00bbdefault\u00a0\u00bb custom_margin=\u00a0\u00bb-56px|||||\u00a0\u00bb global_colors_info=\u00a0\u00bb{}\u00a0\u00bb][et_pb_fullwidth_image src=\u00a0\u00bbhttp:\/\/www.soul-brasileira.org\/wp-content\/uploads\/2025\/07\/bandeau-2.webp\u00a0\u00bb title_text=\u00a0\u00bbbandeau 2&Prime; _builder_version=\u00a0\u00bb4.27.4&Prime; _module_preset=\u00a0\u00bbdefault\u00a0\u00bb global_colors_info=\u00a0\u00bb{}\u00a0\u00bb][\/et_pb_fullwidth_image][\/et_pb_section][et_pb_section fb_built=\u00a0\u00bb1&Prime; fullwidth=\u00a0\u00bbon\u00a0\u00bb _builder_version=\u00a0\u00bb4.27.4&Prime; _module_preset=\u00a0\u00bbdefault\u00a0\u00bb global_colors_info=\u00a0\u00bb{}\u00a0\u00bb][et_pb_fullwidth_image src=\u00a0\u00bbhttp:\/\/www.soul-brasileira.org\/wp-content\/uploads\/2025\/07\/bandeau-SB-1.webp\u00a0\u00bb title_text=\u00a0\u00bbbandeau SB (1)\u00a0\u00bb _builder_version=\u00a0\u00bb4.27.4&Prime; _module_preset=\u00a0\u00bbdefault\u00a0\u00bb global_colors_info=\u00a0\u00bb{}\u00a0\u00bb][\/et_pb_fullwidth_image][\/et_pb_section][et_pb_section fb_built=\u00a0\u00bb1&Prime; fullwidth=\u00a0\u00bbon\u00a0\u00bb _builder_version=\u00a0\u00bb4.27.4&Prime; _module_preset=\u00a0\u00bbdefault\u00a0\u00bb global_colors_info=\u00a0\u00bb{}\u00a0\u00bb][et_pb_fullwidth_image src=\u00a0\u00bbhttp:\/\/www.soul-brasileira.org\/wp-content\/uploads\/2025\/07\/bandeau-2.webp\u00a0\u00bb title_text=\u00a0\u00bbbandeau 2&Prime; _builder_version=\u00a0\u00bb4.27.4&Prime; _module_preset=\u00a0\u00bbdefault\u00a0\u00bb global_colors_info=\u00a0\u00bb{}\u00a0\u00bb][\/et_pb_fullwidth_image][\/et_pb_section][et_pb_section fb_built=\u00a0\u00bb1&Prime; custom_padding_last_edited=\u00a0\u00bbon|desktop\u00a0\u00bb _builder_version=\u00a0\u00bb4.25.1&Prime; _module_preset=\u00a0\u00bbdefault\u00a0\u00bb custom_margin=\u00a0\u00bb-90px|||||\u00a0\u00bb custom_padding=\u00a0\u00bb51px|60px||60px|false|true\u00a0\u00bb custom_padding_tablet=\u00a0\u00bb|10%||10%|false|true\u00a0\u00bb custom_padding_phone=\u00a0\u00bb10%|10%|10%|10%|true|true\u00a0\u00bb global_colors_info=\u00a0\u00bb{%22gcid-5ce2ff5c-ec55-4afe-b04f-cda004e53cb8%22:%91%22background_color%22%93}\u00a0\u00bb][et_pb_row _builder_version=\u00a0\u00bb4.27.4&Prime; _module_preset=\u00a0\u00bbdefault\u00a0\u00bb background_color=\u00a0\u00bb#eeaaee\u00a0\u00bb background_enable_image=\u00a0\u00bboff\u00a0\u00bb background_size=\u00a0\u00bbcontain\u00a0\u00bb background_position=\u00a0\u00bbbottom_center\u00a0\u00bb background_vertical_offset=\u00a0\u00bb58%\u00a0\u00bb background_blend=\u00a0\u00bbmultiply\u00a0\u00bb background_enable_pattern_style=\u00a0\u00bbon\u00a0\u00bb background_pattern_style=\u00a0\u00bbwaves\u00a0\u00bb background_pattern_color=\u00a0\u00bbrgba(255,255,255,0.06)\u00a0\u00bb background_pattern_size=\u00a0\u00bbcustom\u00a0\u00bb background_pattern_width=\u00a0\u00bb59px\u00a0\u00bb width=\u00a0\u00bb100%\u00a0\u00bb max_width=\u00a0\u00bbnone\u00a0\u00bb min_height=\u00a0\u00bb613px\u00a0\u00bb custom_margin=\u00a0\u00bb0.3%|auto|-30px|auto|false|false\u00a0\u00bb custom_margin_tablet=\u00a0\u00bb0px||||false|false\u00a0\u00bb custom_margin_phone=\u00a0\u00bb0px||||false|false\u00a0\u00bb custom_margin_last_edited=\u00a0\u00bboff|desktop\u00a0\u00bb custom_padding=\u00a0\u00bb3.8%|6%|3.8%|6%|true|true\u00a0\u00bb global_colors_info=\u00a0\u00bb{}\u00a0\u00bb][et_pb_column type=\u00a0\u00bb4_4&Prime; _builder_version=\u00a0\u00bb4.25.1&Prime; _module_preset=\u00a0\u00bbdefault\u00a0\u00bb global_colors_info=\u00a0\u00bb{}\u00a0\u00bb][et_pb_heading title=\u00a0\u00bbQu&rsquo;est ce qu&rsquo;une Roda de samba?\u00a0\u00bb _builder_version=\u00a0\u00bb4.27.4&Prime; _module_preset=\u00a0\u00bba3c64f86-2b3f-4157-b6e4-3fdc3d243a49&Prime; title_font=\u00a0\u00bbLato|700|||||||\u00a0\u00bb title_text_align=\u00a0\u00bbcenter\u00a0\u00bb max_width=\u00a0\u00bb1080px\u00a0\u00bb module_alignment=\u00a0\u00bbcenter\u00a0\u00bb custom_margin=\u00a0\u00bb||10px||false|false\u00a0\u00bb locked=\u00a0\u00bboff\u00a0\u00bb][\/et_pb_heading][et_pb_text _builder_version=\u00a0\u00bb4.25.1&Prime; _module_preset=\u00a0\u00bbdeeaedbb-95bf-4e0d-810f-98b914e23cd5&Prime; text_text_color=\u00a0\u00bbgcid-86ee591c-4da3-4dac-accf-8ac43e888cc3&Prime; text_orientation=\u00a0\u00bbcenter\u00a0\u00bb max_width=\u00a0\u00bb1080px\u00a0\u00bb module_alignment=\u00a0\u00bbcenter\u00a0\u00bb inline_fonts=\u00a0\u00bbLato,ABeeZee,Alata,Albert Sans\u00a0\u00bb global_colors_info=\u00a0\u00bb{%22gcid-5ce2ff5c-ec55-4afe-b04f-cda004e53cb8%22:%91%22link_text_color%22,%22quote_text_color%22,%22quote_border_color%22%93,%22gcid-86ee591c-4da3-4dac-accf-8ac43e888cc3%22:%91%22text_text_color%22%93}\u00a0\u00bb]<\/p>\n<p data-start=\"233\" data-end=\"433\" style=\"text-align: left;\"><span style=\"font-family: Lato; font-size: large;\">La <strong data-start=\"236\" data-end=\"253\">roda de samba<\/strong> est une <strong data-start=\"262\" data-end=\"320\">forme traditionnelle de rencontre musicale br\u00e9silienne<\/strong> o\u00f9 musiciens, chanteurs et parfois danseurs se rassemblent en cercle (roda) pour partager spontan\u00e9ment la samba.<\/span><\/p>\n<p data-start=\"435\" data-end=\"750\" style=\"text-align: left;\"><span style=\"font-family: Lato; font-size: large;\">N\u00e9e dans les quartiers populaires de Rio de Janeiro, la roda de samba est <strong data-start=\"509\" data-end=\"550\">un moment collectif, vivant et festif<\/strong>, o\u00f9 l\u2019on joue de la musique en acoustique, souvent autour d\u2019une table, avec des instruments typiques comme le <strong data-start=\"661\" data-end=\"675\">cavaquinho<\/strong>, le <strong data-start=\"680\" data-end=\"692\">pandeiro<\/strong>, le <strong data-start=\"697\" data-end=\"707\">tantan<\/strong>, le <strong data-start=\"712\" data-end=\"725\">reco-reco<\/strong>, ou encore le <strong data-start=\"740\" data-end=\"749\">surdo<\/strong>.<\/span><\/p>\n<p data-start=\"752\" data-end=\"1051\" style=\"text-align: left;\"><span style=\"font-family: Lato; font-size: large;\">Chaque participant peut proposer un morceau, chanter, r\u00e9pondre aux ch\u0153urs ou simplement \u00e9couter et vibrer avec le groupe. Il ne s&rsquo;agit pas d\u2019un concert classique, mais <strong data-start=\"920\" data-end=\"958\">d\u2019une expression musicale partag\u00e9e<\/strong>, profond\u00e9ment li\u00e9e \u00e0 l\u2019histoire, \u00e0 la culture afro-br\u00e9silienne, et \u00e0 l\u2019esprit de communaut\u00e9.<\/span><\/p>\n<p data-start=\"1053\" data-end=\"1270\" style=\"text-align: left;\"><span style=\"font-family: Lato; font-size: large;\">La roda de samba est <strong data-start=\"1074\" data-end=\"1121\">\u00e0 la fois \u00e9cole, c\u00e9l\u00e9bration et lien social<\/strong>. Elle permet de transmettre les r\u00e9pertoires traditionnels, de favoriser l\u2019improvisation, et de vivre un moment d\u2019\u00e9change dans la joie et le respect.<\/span><\/p>\n<p data-start=\"1272\" data-end=\"1434\" style=\"text-align: left;\"><span style=\"font-family: Lato; font-size: large;\">Aujourd\u2019hui, la roda de samba est reconnue au <strong data-start=\"1318\" data-end=\"1362\">patrimoine culturel immat\u00e9riel du Br\u00e9sil<\/strong> (par l\u2019UNESCO), et elle continue de se d\u00e9velopper dans le monde entier.<\/span><\/p>\n<p data-start=\"1272\" data-end=\"1434\" style=\"text-align: left;\"><span style=\"font-family: Lato; font-size: large;\"><\/span><\/p>\n<h2 class=\"et_pb_module_heading et-fb-editable-element et-fb-editable-element__editing\" data-shortcode-id=\"4.0.0.0-1756632322577\" data-quickaccess-id=\"title\" contenteditable=\"true\"><span style=\"font-family: 'Albert Sans'; font-weight: normal;\"><strong><span style=\"font-size: xx-large;\">R\u00e9p\u00e9titions les samedis 16h-18h \u00e0 l&rsquo;espace Hyperion ( 13004)<\/span><\/strong><\/span><\/h2>\n<p>[\/et_pb_text][\/et_pb_column][\/et_pb_row][\/et_pb_section]<\/p>\n","protected":false},"excerpt":{"rendered":"<p>L&rsquo;association Soul Brasileira\u00a0est un espace de transmission vivante de la samba br\u00e9silienne sous sa forme la plus authentique : la roda de samba. Fond\u00e9e par des artistes et passionn\u00e9s de culture br\u00e9silienne, l\u2019association a pour mission de faire d\u00e9couvrir, enseigner et valoriser cet art populaire au c\u0153ur de Marseille. Nous proposons tout au long de [&hellip;]<\/p>\n","protected":false},"author":1,"featured_media":0,"parent":0,"menu_order":0,"comment_status":"closed","ping_status":"closed","template":"","meta":{"_et_pb_use_builder":"on","_et_pb_old_content":"","_et_gb_content_width":"","footnotes":""},"class_list":["post-147","page","type-page","status-publish","hentry"],"yoast_head":"<!-- This site is optimized with the Yoast SEO plugin v25.4 - https:\/\/yoast.com\/wordpress\/plugins\/seo\/ -->\n<title>Roda de samba - Soul Brasileira - Batucada Marseille<\/title>\n<meta name=\"robots\" content=\"index, follow, max-snippet:-1, max-image-preview:large, max-video-preview:-1\" \/>\n<link rel=\"canonical\" href=\"https:\/\/www.soul-brasileira.org\/index.php\/roda-de-samba-marseille\/\" \/>\n<meta property=\"og:locale\" content=\"fr_FR\" \/>\n<meta property=\"og:type\" content=\"article\" \/>\n<meta property=\"og:title\" content=\"Roda de samba - Soul Brasileira - Batucada Marseille\" \/>\n<meta property=\"og:description\" content=\"L&#039;association Soul Brasileira\u00a0est un espace de transmission vivante de la samba br\u00e9silienne sous sa forme la plus authentique : la roda de samba. Fond\u00e9e par des artistes et passionn\u00e9s de culture br\u00e9silienne, l\u2019association a pour mission de faire d\u00e9couvrir, enseigner et valoriser cet art populaire au c\u0153ur de Marseille. Nous proposons tout au long de [&hellip;]\" \/>\n<meta property=\"og:url\" content=\"https:\/\/www.soul-brasileira.org\/index.php\/roda-de-samba-marseille\/\" \/>\n<meta property=\"og:site_name\" content=\"Soul Brasileira - Batucada Marseille\" \/>\n<meta property=\"article:modified_time\" content=\"2025-09-01T08:31:18+00:00\" \/>\n<meta name=\"twitter:card\" content=\"summary_large_image\" \/>\n<meta name=\"twitter:label1\" content=\"Dur\u00e9e de lecture estim\u00e9e\" \/>\n\t<meta name=\"twitter:data1\" content=\"5 minutes\" \/>\n<script type=\"application\/ld+json\" class=\"yoast-schema-graph\">{\"@context\":\"https:\/\/schema.org\",\"@graph\":[{\"@type\":\"WebPage\",\"@id\":\"https:\/\/www.soul-brasileira.org\/index.php\/roda-de-samba-marseille\/\",\"url\":\"https:\/\/www.soul-brasileira.org\/index.php\/roda-de-samba-marseille\/\",\"name\":\"Roda de samba - Soul Brasileira - Batucada Marseille\",\"isPartOf\":{\"@id\":\"https:\/\/www.soul-brasileira.org\/#website\"},\"datePublished\":\"2025-07-11T09:14:54+00:00\",\"dateModified\":\"2025-09-01T08:31:18+00:00\",\"breadcrumb\":{\"@id\":\"https:\/\/www.soul-brasileira.org\/index.php\/roda-de-samba-marseille\/#breadcrumb\"},\"inLanguage\":\"fr-FR\",\"potentialAction\":[{\"@type\":\"ReadAction\",\"target\":[\"https:\/\/www.soul-brasileira.org\/index.php\/roda-de-samba-marseille\/\"]}]},{\"@type\":\"BreadcrumbList\",\"@id\":\"https:\/\/www.soul-brasileira.org\/index.php\/roda-de-samba-marseille\/#breadcrumb\",\"itemListElement\":[{\"@type\":\"ListItem\",\"position\":1,\"name\":\"Accueil\",\"item\":\"https:\/\/www.soul-brasileira.org\/\"},{\"@type\":\"ListItem\",\"position\":2,\"name\":\"Roda de samba\"}]},{\"@type\":\"WebSite\",\"@id\":\"https:\/\/www.soul-brasileira.org\/#website\",\"url\":\"https:\/\/www.soul-brasileira.org\/\",\"name\":\"Soul Brasileira - Batucada Marseille\",\"description\":\"\",\"potentialAction\":[{\"@type\":\"SearchAction\",\"target\":{\"@type\":\"EntryPoint\",\"urlTemplate\":\"https:\/\/www.soul-brasileira.org\/?s={search_term_string}\"},\"query-input\":{\"@type\":\"PropertyValueSpecification\",\"valueRequired\":true,\"valueName\":\"search_term_string\"}}],\"inLanguage\":\"fr-FR\"}]}<\/script>\n<!-- \/ Yoast SEO plugin. -->","yoast_head_json":{"title":"Roda de samba - Soul Brasileira - Batucada Marseille","robots":{"index":"index","follow":"follow","max-snippet":"max-snippet:-1","max-image-preview":"max-image-preview:large","max-video-preview":"max-video-preview:-1"},"canonical":"https:\/\/www.soul-brasileira.org\/index.php\/roda-de-samba-marseille\/","og_locale":"fr_FR","og_type":"article","og_title":"Roda de samba - Soul Brasileira - Batucada Marseille","og_description":"L'association Soul Brasileira\u00a0est un espace de transmission vivante de la samba br\u00e9silienne sous sa forme la plus authentique : la roda de samba. Fond\u00e9e par des artistes et passionn\u00e9s de culture br\u00e9silienne, l\u2019association a pour mission de faire d\u00e9couvrir, enseigner et valoriser cet art populaire au c\u0153ur de Marseille. Nous proposons tout au long de [&hellip;]","og_url":"https:\/\/www.soul-brasileira.org\/index.php\/roda-de-samba-marseille\/","og_site_name":"Soul Brasileira - Batucada Marseille","article_modified_time":"2025-09-01T08:31:18+00:00","twitter_card":"summary_large_image","twitter_misc":{"Dur\u00e9e de lecture estim\u00e9e":"5 minutes"},"schema":{"@context":"https:\/\/schema.org","@graph":[{"@type":"WebPage","@id":"https:\/\/www.soul-brasileira.org\/index.php\/roda-de-samba-marseille\/","url":"https:\/\/www.soul-brasileira.org\/index.php\/roda-de-samba-marseille\/","name":"Roda de samba - Soul Brasileira - Batucada Marseille","isPartOf":{"@id":"https:\/\/www.soul-brasileira.org\/#website"},"datePublished":"2025-07-11T09:14:54+00:00","dateModified":"2025-09-01T08:31:18+00:00","breadcrumb":{"@id":"https:\/\/www.soul-brasileira.org\/index.php\/roda-de-samba-marseille\/#breadcrumb"},"inLanguage":"fr-FR","potentialAction":[{"@type":"ReadAction","target":["https:\/\/www.soul-brasileira.org\/index.php\/roda-de-samba-marseille\/"]}]},{"@type":"BreadcrumbList","@id":"https:\/\/www.soul-brasileira.org\/index.php\/roda-de-samba-marseille\/#breadcrumb","itemListElement":[{"@type":"ListItem","position":1,"name":"Accueil","item":"https:\/\/www.soul-brasileira.org\/"},{"@type":"ListItem","position":2,"name":"Roda de samba"}]},{"@type":"WebSite","@id":"https:\/\/www.soul-brasileira.org\/#website","url":"https:\/\/www.soul-brasileira.org\/","name":"Soul Brasileira - Batucada Marseille","description":"","potentialAction":[{"@type":"SearchAction","target":{"@type":"EntryPoint","urlTemplate":"https:\/\/www.soul-brasileira.org\/?s={search_term_string}"},"query-input":{"@type":"PropertyValueSpecification","valueRequired":true,"valueName":"search_term_string"}}],"inLanguage":"fr-FR"}]}},"_links":{"self":[{"href":"https:\/\/www.soul-brasileira.org\/index.php\/wp-json\/wp\/v2\/pages\/147","targetHints":{"allow":["GET"]}}],"collection":[{"href":"https:\/\/www.soul-brasileira.org\/index.php\/wp-json\/wp\/v2\/pages"}],"about":[{"href":"https:\/\/www.soul-brasileira.org\/index.php\/wp-json\/wp\/v2\/types\/page"}],"author":[{"embeddable":true,"href":"https:\/\/www.soul-brasileira.org\/index.php\/wp-json\/wp\/v2\/users\/1"}],"replies":[{"embeddable":true,"href":"https:\/\/www.soul-brasileira.org\/index.php\/wp-json\/wp\/v2\/comments?post=147"}],"version-history":[{"count":23,"href":"https:\/\/www.soul-brasileira.org\/index.php\/wp-json\/wp\/v2\/pages\/147\/revisions"}],"predecessor-version":[{"id":936,"href":"https:\/\/www.soul-brasileira.org\/index.php\/wp-json\/wp\/v2\/pages\/147\/revisions\/936"}],"wp:attachment":[{"href":"https:\/\/www.soul-brasileira.org\/index.php\/wp-json\/wp\/v2\/media?parent=147"}],"curies":[{"name":"wp","href":"https:\/\/api.w.org\/{rel}","templated":true}]}}