{"id":154,"date":"2025-07-11T09:09:56","date_gmt":"2025-07-11T09:09:56","guid":{"rendered":"https:\/\/www.soul-brasileira.org\/?page_id=154"},"modified":"2025-08-31T19:15:14","modified_gmt":"2025-08-31T19:15:14","slug":"batucada-marseille","status":"publish","type":"page","link":"https:\/\/www.soul-brasileira.org\/index.php\/batucada-marseille\/","title":{"rendered":"Samba Reggae &#8211; Batucada"},"content":{"rendered":"<p>[et_pb_section fb_built=\u00a0\u00bb1&Prime; admin_label=\u00a0\u00bbHeader\u00a0\u00bb _builder_version=\u00a0\u00bb4.25.1&Prime; _module_preset=\u00a0\u00bbdefault\u00a0\u00bb locked=\u00a0\u00bboff\u00a0\u00bb global_colors_info=\u00a0\u00bb{}\u00a0\u00bb][et_pb_row column_structure=\u00a0\u00bb1_2,1_2&Prime; _builder_version=\u00a0\u00bb4.25.1&Prime; _module_preset=\u00a0\u00bbdefault\u00a0\u00bb global_colors_info=\u00a0\u00bb{}\u00a0\u00bb][et_pb_column type=\u00a0\u00bb1_2&Prime; _builder_version=\u00a0\u00bb4.25.1&Prime; _module_preset=\u00a0\u00bbdefault\u00a0\u00bb custom_padding=\u00a0\u00bb10%||||false|false\u00a0\u00bb custom_padding_tablet=\u00a0\u00bb0%||||false|false\u00a0\u00bb custom_padding_phone=\u00a0\u00bb\u00a0\u00bb custom_padding_last_edited=\u00a0\u00bbon|desktop\u00a0\u00bb global_colors_info=\u00a0\u00bb{}\u00a0\u00bb][et_pb_heading title=\u00a0\u00bbBloco- Samba Reggae\u00a0\u00bb _builder_version=\u00a0\u00bb4.27.4&Prime; _module_preset=\u00a0\u00bbd58719f3-6155-420b-97e0-ba1dde44a652&Prime; title_font=\u00a0\u00bbLato|700|||||||\u00a0\u00bb custom_margin=\u00a0\u00bb-109px||10px||false|false\u00a0\u00bb locked=\u00a0\u00bboff\u00a0\u00bb global_colors_info=\u00a0\u00bb{}\u00a0\u00bb][\/et_pb_heading][et_pb_text _builder_version=\u00a0\u00bb4.27.4&Prime; _module_preset=\u00a0\u00bb396f8e60-0f4b-400b-a744-11ed2483a31c\u00a0\u00bb global_colors_info=\u00a0\u00bb{}\u00a0\u00bb]<\/p>\n<p data-start=\"639\" data-end=\"938\"><span><strong data-start=\"639\" data-end=\"708\">L&rsquo;association SouL Brasileira enseigne la batucada dans le style samba reggae<\/strong> \u00e0 Marseille, en transmettant l\u2019\u00e9nergie et la richesse rythmique du Nordeste.<br \/>Nous proposons des <strong data-start=\"832\" data-end=\"884\">r\u00e9p\u00e9titions de percussions br\u00e9siliennes ouvertes \u00e0 tou.te.s<\/strong>, dans une ambiance conviviale, festive et collective.<\/span><\/p>\n<p data-start=\"940\" data-end=\"1045\"><span>Nos ateliers hebdomadaires permettent de d\u00e9couvrir et pratiquer les instruments typiques de la batucada :<\/span><\/p>\n<p data-start=\"2239\" data-end=\"2296\"><strong data-start=\"2239\" data-end=\"2248\">Surdo<\/strong> : la grosse caisse qui marque le c\u0153ur du rythme<br \/><strong data-start=\"2299\" data-end=\"2312\">Repinique<\/strong> : l\u2019appel du chef de groupe<br \/><strong data-start=\"2343\" data-end=\"2352\">Caixa<\/strong> : caisse claire rapide et percutante<br \/><strong data-start=\"2392\" data-end=\"2402\">Timbal<\/strong> : instrument soliste tr\u00e8s expressif<br \/><b>etc&#8230;<\/b><\/p>\n<p data-start=\"1145\" data-end=\"1455\"><span>L\u2019objectif est de <strong data-start=\"1307\" data-end=\"1398\">former un v\u00e9ritable groupe de percussions capable de jouer des morceaux de samba reggae<\/strong> puissants et entra\u00eenants, comme ceux du carnaval de Salvador de Bahia.<\/span><\/p>\n<p data-start=\"1457\" data-end=\"1606\"><span>Notre association intervient \u00e9galement dans des \u00e9v\u00e9nements publics ou priv\u00e9s \u00e0 Marseille et dans la r\u00e9gion (festivals, carnavals, \u00e9coles,\u2026).<\/span><\/p>\n<p data-start=\"1608\" data-end=\"1792\"><span>Que vous soyez d\u00e9butant ou musicien confirm\u00e9, venez vivre l\u2019exp\u00e9rience unique de la batucada samba reggae \u00e0 Marseille : <strong data-start=\"1728\" data-end=\"1790\">rythme, partage, et vibrations venues tout droit du Br\u00e9sil<\/strong>\u00a0!<\/span><\/p>\n<p>[\/et_pb_text][\/et_pb_column][et_pb_column type=\u00a0\u00bb1_2&Prime; _builder_version=\u00a0\u00bb4.25.1&Prime; _module_preset=\u00a0\u00bbdefault\u00a0\u00bb custom_padding=\u00a0\u00bb||||false|false\u00a0\u00bb global_colors_info=\u00a0\u00bb{}\u00a0\u00bb][et_pb_image src=\u00a0\u00bbhttp:\/\/www.soul-brasileira.org\/wp-content\/uploads\/2025\/07\/insruemnt-soull-brasileira-1-scaled.webp\u00a0\u00bb title_text=\u00a0\u00bbinsruemnt soull brasileira (1)\u00a0\u00bb _builder_version=\u00a0\u00bb4.27.4&Prime; _module_preset=\u00a0\u00bbdefault\u00a0\u00bb custom_margin=\u00a0\u00bb|-13vw||18%|false|false\u00a0\u00bb custom_margin_tablet=\u00a0\u00bb|0vw||0%|false|false\u00a0\u00bb custom_margin_phone=\u00a0\u00bb\u00a0\u00bb custom_margin_last_edited=\u00a0\u00bbon|phone\u00a0\u00bb box_shadow_style=\u00a0\u00bbpreset3&Prime; box_shadow_vertical=\u00a0\u00bb30px\u00a0\u00bb box_shadow_blur=\u00a0\u00bb100px\u00a0\u00bb box_shadow_spread=\u00a0\u00bb-30px\u00a0\u00bb global_colors_info=\u00a0\u00bb{}\u00a0\u00bb][\/et_pb_image][\/et_pb_column][\/et_pb_row][\/et_pb_section][et_pb_section fb_built=\u00a0\u00bb1&Prime; fullwidth=\u00a0\u00bbon\u00a0\u00bb _builder_version=\u00a0\u00bb4.27.4&Prime; _module_preset=\u00a0\u00bbdefault\u00a0\u00bb global_colors_info=\u00a0\u00bb{}\u00a0\u00bb][et_pb_fullwidth_image src=\u00a0\u00bbhttp:\/\/www.soul-brasileira.org\/wp-content\/uploads\/2025\/07\/bandeau-1.webp\u00a0\u00bb title_text=\u00a0\u00bbbandeau 1&Prime; _builder_version=\u00a0\u00bb4.27.4&Prime; _module_preset=\u00a0\u00bbdefault\u00a0\u00bb global_colors_info=\u00a0\u00bb{}\u00a0\u00bb][\/et_pb_fullwidth_image][\/et_pb_section][et_pb_section fb_built=\u00a0\u00bb1&Prime; custom_padding_last_edited=\u00a0\u00bbon|desktop\u00a0\u00bb _builder_version=\u00a0\u00bb4.25.1&Prime; _module_preset=\u00a0\u00bbdefault\u00a0\u00bb custom_padding=\u00a0\u00bb8px|60px||60px|false|true\u00a0\u00bb custom_padding_tablet=\u00a0\u00bb|10%||10%|false|true\u00a0\u00bb custom_padding_phone=\u00a0\u00bb10%|10%|10%|10%|true|true\u00a0\u00bb global_colors_info=\u00a0\u00bb{%22gcid-5ce2ff5c-ec55-4afe-b04f-cda004e53cb8%22:%91%22background_color%22%93}\u00a0\u00bb][et_pb_row column_structure=\u00a0\u00bb1_3,1_3,1_3&Prime; use_custom_gutter=\u00a0\u00bbon\u00a0\u00bb gutter_width=\u00a0\u00bb2&Prime; _builder_version=\u00a0\u00bb4.25.1&Prime; _module_preset=\u00a0\u00bbdefault\u00a0\u00bb width=\u00a0\u00bb100%\u00a0\u00bb max_width=\u00a0\u00bbnone\u00a0\u00bb custom_padding=\u00a0\u00bb||||false|false\u00a0\u00bb global_colors_info=\u00a0\u00bb{}\u00a0\u00bb][et_pb_column type=\u00a0\u00bb1_3&Prime; _builder_version=\u00a0\u00bb4.25.1&Prime; _module_preset=\u00a0\u00bbdefault\u00a0\u00bb global_colors_info=\u00a0\u00bb{}\u00a0\u00bb][et_pb_image src=\u00a0\u00bbhttp:\/\/www.soul-brasileira.org\/wp-content\/uploads\/2025\/07\/SB-PHOTO-scaled.webp\u00a0\u00bb title_text=\u00a0\u00bbSB PHOTO\u00a0\u00bb force_fullwidth=\u00a0\u00bbon\u00a0\u00bb _builder_version=\u00a0\u00bb4.27.4&Prime; _module_preset=\u00a0\u00bbdefault\u00a0\u00bb global_colors_info=\u00a0\u00bb{}\u00a0\u00bb][\/et_pb_image][\/et_pb_column][et_pb_column type=\u00a0\u00bb1_3&Prime; _builder_version=\u00a0\u00bb4.25.1&Prime; _module_preset=\u00a0\u00bbdefault\u00a0\u00bb global_colors_info=\u00a0\u00bb{}\u00a0\u00bb][et_pb_image src=\u00a0\u00bbhttp:\/\/www.soul-brasileira.org\/wp-content\/uploads\/2025\/07\/SB-foto-scaled.webp\u00a0\u00bb title_text=\u00a0\u00bbSB foto\u00a0\u00bb force_fullwidth=\u00a0\u00bbon\u00a0\u00bb _builder_version=\u00a0\u00bb4.27.4&Prime; _module_preset=\u00a0\u00bbdefault\u00a0\u00bb global_colors_info=\u00a0\u00bb{}\u00a0\u00bb][\/et_pb_image][\/et_pb_column][et_pb_column type=\u00a0\u00bb1_3&Prime; _builder_version=\u00a0\u00bb4.25.1&Prime; _module_preset=\u00a0\u00bbdefault\u00a0\u00bb global_colors_info=\u00a0\u00bb{}\u00a0\u00bb][et_pb_image src=\u00a0\u00bbhttp:\/\/www.soul-brasileira.org\/wp-content\/uploads\/2025\/07\/soul-brasileira-marseille-foto-1-scaled.webp\u00a0\u00bb title_text=\u00a0\u00bbsoul brasileira marseille foto (1)\u00a0\u00bb force_fullwidth=\u00a0\u00bbon\u00a0\u00bb _builder_version=\u00a0\u00bb4.27.4&Prime; _module_preset=\u00a0\u00bbdefault\u00a0\u00bb global_colors_info=\u00a0\u00bb{}\u00a0\u00bb][\/et_pb_image][\/et_pb_column][\/et_pb_row][et_pb_row _builder_version=\u00a0\u00bb4.27.4&Prime; _module_preset=\u00a0\u00bbdefault\u00a0\u00bb background_color=\u00a0\u00bbgcid-ac604ccf-913b-415a-bc09-d01fcf4084df\u00a0\u00bb background_enable_image=\u00a0\u00bboff\u00a0\u00bb background_size=\u00a0\u00bbcontain\u00a0\u00bb background_position=\u00a0\u00bbbottom_center\u00a0\u00bb background_vertical_offset=\u00a0\u00bb58%\u00a0\u00bb background_blend=\u00a0\u00bbmultiply\u00a0\u00bb background_enable_pattern_style=\u00a0\u00bbon\u00a0\u00bb background_pattern_style=\u00a0\u00bbwaves\u00a0\u00bb background_pattern_color=\u00a0\u00bbrgba(255,255,255,0.06)\u00a0\u00bb background_pattern_size=\u00a0\u00bbcustom\u00a0\u00bb background_pattern_width=\u00a0\u00bb59px\u00a0\u00bb width=\u00a0\u00bb100%\u00a0\u00bb max_width=\u00a0\u00bbnone\u00a0\u00bb custom_margin=\u00a0\u00bb2%||||false|false\u00a0\u00bb custom_margin_tablet=\u00a0\u00bb0px||||false|false\u00a0\u00bb custom_margin_phone=\u00a0\u00bb0px||||false|false\u00a0\u00bb custom_margin_last_edited=\u00a0\u00bboff|desktop\u00a0\u00bb custom_padding=\u00a0\u00bb2.1%|6%|2.1%|6%|true|true\u00a0\u00bb global_colors_info=\u00a0\u00bb{%22gcid-ac604ccf-913b-415a-bc09-d01fcf4084df%22:%91%22background_color%22,%22background_color%22%93}\u00a0\u00bb][et_pb_column type=\u00a0\u00bb4_4&Prime; _builder_version=\u00a0\u00bb4.25.1&Prime; _module_preset=\u00a0\u00bbdefault\u00a0\u00bb global_colors_info=\u00a0\u00bb{}\u00a0\u00bb][et_pb_heading title=\u00a0\u00bbQu\u2019est-ce que le Samba Reggae ?\u00a0\u00bb _builder_version=\u00a0\u00bb4.27.4&Prime; _module_preset=\u00a0\u00bb215d6bc4-1dfc-4c85-9d34-5180cef2e406&Prime; title_font=\u00a0\u00bbLato|700|||||||\u00a0\u00bb title_text_align=\u00a0\u00bbcenter\u00a0\u00bb max_width=\u00a0\u00bb1080px\u00a0\u00bb module_alignment=\u00a0\u00bbcenter\u00a0\u00bb custom_margin=\u00a0\u00bb||10px||false|false\u00a0\u00bb locked=\u00a0\u00bboff\u00a0\u00bb global_colors_info=\u00a0\u00bb{}\u00a0\u00bb][\/et_pb_heading][et_pb_text _builder_version=\u00a0\u00bb4.27.4&Prime; _module_preset=\u00a0\u00bb396f8e60-0f4b-400b-a744-11ed2483a31c\u00a0\u00bb text_text_color=\u00a0\u00bbgcid-86ee591c-4da3-4dac-accf-8ac43e888cc3&Prime; header_font=\u00a0\u00bbLato|700|||||||\u00a0\u00bb text_orientation=\u00a0\u00bbcenter\u00a0\u00bb max_width=\u00a0\u00bb1080px\u00a0\u00bb module_alignment=\u00a0\u00bbcenter\u00a0\u00bb inline_fonts=\u00a0\u00bbLato\u00a0\u00bb global_colors_info=\u00a0\u00bb{%22gcid-5ce2ff5c-ec55-4afe-b04f-cda004e53cb8%22:%91%22link_text_color%22,%22quote_text_color%22,%22quote_border_color%22%93,%22gcid-86ee591c-4da3-4dac-accf-8ac43e888cc3%22:%91%22text_text_color%22%93}\u00a0\u00bb]<\/p>\n<h4 data-start=\"854\" data-end=\"893\" style=\"text-align: left;\"><\/h4>\n<p data-start=\"895\" data-end=\"1167\" style=\"text-align: left;\"><span style=\"font-family: Lato; font-weight: normal; font-size: large;\">Le <strong data-start=\"898\" data-end=\"914\">samba reggae<\/strong> est un style musical n\u00e9 dans les ann\u00e9es 1980 \u00e0 <strong data-start=\"962\" data-end=\"983\">Salvador de Bahia<\/strong> au Br\u00e9sil. <br \/>Fusion de la <strong data-start=\"1008\" data-end=\"1044\">samba br\u00e9silienne traditionnelle<\/strong>, du <strong data-start=\"1049\" data-end=\"1069\">reggae jama\u00efcain<\/strong> et des <strong data-start=\"1077\" data-end=\"1098\">rythmes africains<\/strong>, ce genre incarne une <strong data-start=\"1121\" data-end=\"1166\">musique militante, festive et f\u00e9d\u00e9ratrice<\/strong>.<\/span><\/p>\n<p data-start=\"895\" data-end=\"1167\" style=\"text-align: left;\"><strong data-start=\"1358\" data-end=\"1388\" style=\"font-family: Lato; font-size: large;\">Origines afro-br\u00e9siliennes<br \/><\/strong><span style=\"font-family: Lato; font-size: large;\">Issu des blocos afro comme <\/span><strong data-start=\"1420\" data-end=\"1430\" style=\"font-family: Lato; font-size: large;\">Olodum<\/strong><span style=\"font-family: Lato; font-size: large;\">, <\/span><strong data-start=\"1432\" data-end=\"1444\" style=\"font-family: Lato; font-size: large;\">Il\u00ea Aiy\u00ea<\/strong><span style=\"font-family: Lato; font-size: large;\"> et <\/span><strong data-start=\"1448\" data-end=\"1456\" style=\"font-family: Lato; font-size: large;\">Did\u00e1<\/strong><span style=\"font-family: Lato; font-size: large;\">, le samba reggae porte les luttes identitaires et culturelles des populations afrodescendantes au Br\u00e9sil.<\/span><\/p>\n<p data-start=\"895\" data-end=\"1167\" style=\"text-align: left;\"><strong data-start=\"1566\" data-end=\"1594\" style=\"font-family: Lato; font-size: large;\">Un symbole de r\u00e9sistance<br \/><\/strong><span style=\"font-family: Lato; font-size: large;\">Ce style est aussi un message : \u00e9galit\u00e9, fiert\u00e9 culturelle, solidarit\u00e9. Il incarne la <\/span><strong data-start=\"1685\" data-end=\"1745\" style=\"font-family: Lato; font-size: large;\">r\u00e9sistance pacifique \u00e0 travers la percussion et la danse<\/strong><span style=\"font-family: Lato; font-size: large;\">.<\/span><\/p>\n<p data-start=\"895\" data-end=\"1167\" style=\"text-align: left;\"><span style=\"font-family: Lato; font-size: large;\"><\/span><\/p>\n<h2 data-start=\"1112\" data-end=\"1165\" style=\"text-align: center;\"><span style=\"font-family: Lato; font-size: x-large;\"><strong data-start=\"1119\" data-end=\"1165\">R\u00e9p\u00e9titions les vendredis 20h-22H \u00e0 la Fraternit\u00e9 de la belle de mai (13 003)<\/strong><\/span><\/h2>\n<p>[\/et_pb_text][\/et_pb_column][\/et_pb_row][\/et_pb_section]<\/p>\n","protected":false},"excerpt":{"rendered":"<p>L&rsquo;association SouL Brasileira enseigne la batucada dans le style samba reggae \u00e0 Marseille, en transmettant l\u2019\u00e9nergie et la richesse rythmique du Nordeste.Nous proposons des r\u00e9p\u00e9titions de percussions br\u00e9siliennes ouvertes \u00e0 tou.te.s, dans une ambiance conviviale, festive et collective. Nos ateliers hebdomadaires permettent de d\u00e9couvrir et pratiquer les instruments typiques de la batucada : Surdo : [&hellip;]<\/p>\n","protected":false},"author":1,"featured_media":0,"parent":0,"menu_order":0,"comment_status":"closed","ping_status":"closed","template":"","meta":{"_et_pb_use_builder":"on","_et_pb_old_content":"","_et_gb_content_width":"","footnotes":""},"class_list":["post-154","page","type-page","status-publish","hentry"],"yoast_head":"<!-- This site is optimized with the Yoast SEO plugin v25.4 - https:\/\/yoast.com\/wordpress\/plugins\/seo\/ -->\n<title>Samba Reggae - Batucada - Soul Brasileira - Batucada Marseille<\/title>\n<meta name=\"robots\" content=\"index, follow, max-snippet:-1, max-image-preview:large, max-video-preview:-1\" \/>\n<link rel=\"canonical\" href=\"https:\/\/www.soul-brasileira.org\/index.php\/batucada-marseille\/\" \/>\n<meta property=\"og:locale\" content=\"fr_FR\" \/>\n<meta property=\"og:type\" content=\"article\" \/>\n<meta property=\"og:title\" content=\"Samba Reggae - Batucada - Soul Brasileira - Batucada Marseille\" \/>\n<meta property=\"og:description\" content=\"L&#039;association SouL Brasileira enseigne la batucada dans le style samba reggae \u00e0 Marseille, en transmettant l\u2019\u00e9nergie et la richesse rythmique du Nordeste.Nous proposons des r\u00e9p\u00e9titions de percussions br\u00e9siliennes ouvertes \u00e0 tou.te.s, dans une ambiance conviviale, festive et collective. Nos ateliers hebdomadaires permettent de d\u00e9couvrir et pratiquer les instruments typiques de la batucada : Surdo : [&hellip;]\" \/>\n<meta property=\"og:url\" content=\"https:\/\/www.soul-brasileira.org\/index.php\/batucada-marseille\/\" \/>\n<meta property=\"og:site_name\" content=\"Soul Brasileira - Batucada Marseille\" \/>\n<meta property=\"article:modified_time\" content=\"2025-08-31T19:15:14+00:00\" \/>\n<meta name=\"twitter:card\" content=\"summary_large_image\" \/>\n<meta name=\"twitter:label1\" content=\"Dur\u00e9e de lecture estim\u00e9e\" \/>\n\t<meta name=\"twitter:data1\" content=\"5 minutes\" \/>\n<script type=\"application\/ld+json\" class=\"yoast-schema-graph\">{\"@context\":\"https:\/\/schema.org\",\"@graph\":[{\"@type\":\"WebPage\",\"@id\":\"https:\/\/www.soul-brasileira.org\/index.php\/batucada-marseille\/\",\"url\":\"https:\/\/www.soul-brasileira.org\/index.php\/batucada-marseille\/\",\"name\":\"Samba Reggae - Batucada - Soul Brasileira - Batucada Marseille\",\"isPartOf\":{\"@id\":\"https:\/\/www.soul-brasileira.org\/#website\"},\"datePublished\":\"2025-07-11T09:09:56+00:00\",\"dateModified\":\"2025-08-31T19:15:14+00:00\",\"breadcrumb\":{\"@id\":\"https:\/\/www.soul-brasileira.org\/index.php\/batucada-marseille\/#breadcrumb\"},\"inLanguage\":\"fr-FR\",\"potentialAction\":[{\"@type\":\"ReadAction\",\"target\":[\"https:\/\/www.soul-brasileira.org\/index.php\/batucada-marseille\/\"]}]},{\"@type\":\"BreadcrumbList\",\"@id\":\"https:\/\/www.soul-brasileira.org\/index.php\/batucada-marseille\/#breadcrumb\",\"itemListElement\":[{\"@type\":\"ListItem\",\"position\":1,\"name\":\"Accueil\",\"item\":\"https:\/\/www.soul-brasileira.org\/\"},{\"@type\":\"ListItem\",\"position\":2,\"name\":\"Samba Reggae &#8211; Batucada\"}]},{\"@type\":\"WebSite\",\"@id\":\"https:\/\/www.soul-brasileira.org\/#website\",\"url\":\"https:\/\/www.soul-brasileira.org\/\",\"name\":\"Soul Brasileira - Batucada Marseille\",\"description\":\"\",\"potentialAction\":[{\"@type\":\"SearchAction\",\"target\":{\"@type\":\"EntryPoint\",\"urlTemplate\":\"https:\/\/www.soul-brasileira.org\/?s={search_term_string}\"},\"query-input\":{\"@type\":\"PropertyValueSpecification\",\"valueRequired\":true,\"valueName\":\"search_term_string\"}}],\"inLanguage\":\"fr-FR\"}]}<\/script>\n<!-- \/ Yoast SEO plugin. -->","yoast_head_json":{"title":"Samba Reggae - Batucada - Soul Brasileira - Batucada Marseille","robots":{"index":"index","follow":"follow","max-snippet":"max-snippet:-1","max-image-preview":"max-image-preview:large","max-video-preview":"max-video-preview:-1"},"canonical":"https:\/\/www.soul-brasileira.org\/index.php\/batucada-marseille\/","og_locale":"fr_FR","og_type":"article","og_title":"Samba Reggae - Batucada - Soul Brasileira - Batucada Marseille","og_description":"L'association SouL Brasileira enseigne la batucada dans le style samba reggae \u00e0 Marseille, en transmettant l\u2019\u00e9nergie et la richesse rythmique du Nordeste.Nous proposons des r\u00e9p\u00e9titions de percussions br\u00e9siliennes ouvertes \u00e0 tou.te.s, dans une ambiance conviviale, festive et collective. Nos ateliers hebdomadaires permettent de d\u00e9couvrir et pratiquer les instruments typiques de la batucada : Surdo : [&hellip;]","og_url":"https:\/\/www.soul-brasileira.org\/index.php\/batucada-marseille\/","og_site_name":"Soul Brasileira - Batucada Marseille","article_modified_time":"2025-08-31T19:15:14+00:00","twitter_card":"summary_large_image","twitter_misc":{"Dur\u00e9e de lecture estim\u00e9e":"5 minutes"},"schema":{"@context":"https:\/\/schema.org","@graph":[{"@type":"WebPage","@id":"https:\/\/www.soul-brasileira.org\/index.php\/batucada-marseille\/","url":"https:\/\/www.soul-brasileira.org\/index.php\/batucada-marseille\/","name":"Samba Reggae - Batucada - Soul Brasileira - Batucada Marseille","isPartOf":{"@id":"https:\/\/www.soul-brasileira.org\/#website"},"datePublished":"2025-07-11T09:09:56+00:00","dateModified":"2025-08-31T19:15:14+00:00","breadcrumb":{"@id":"https:\/\/www.soul-brasileira.org\/index.php\/batucada-marseille\/#breadcrumb"},"inLanguage":"fr-FR","potentialAction":[{"@type":"ReadAction","target":["https:\/\/www.soul-brasileira.org\/index.php\/batucada-marseille\/"]}]},{"@type":"BreadcrumbList","@id":"https:\/\/www.soul-brasileira.org\/index.php\/batucada-marseille\/#breadcrumb","itemListElement":[{"@type":"ListItem","position":1,"name":"Accueil","item":"https:\/\/www.soul-brasileira.org\/"},{"@type":"ListItem","position":2,"name":"Samba Reggae &#8211; Batucada"}]},{"@type":"WebSite","@id":"https:\/\/www.soul-brasileira.org\/#website","url":"https:\/\/www.soul-brasileira.org\/","name":"Soul Brasileira - Batucada Marseille","description":"","potentialAction":[{"@type":"SearchAction","target":{"@type":"EntryPoint","urlTemplate":"https:\/\/www.soul-brasileira.org\/?s={search_term_string}"},"query-input":{"@type":"PropertyValueSpecification","valueRequired":true,"valueName":"search_term_string"}}],"inLanguage":"fr-FR"}]}},"_links":{"self":[{"href":"https:\/\/www.soul-brasileira.org\/index.php\/wp-json\/wp\/v2\/pages\/154","targetHints":{"allow":["GET"]}}],"collection":[{"href":"https:\/\/www.soul-brasileira.org\/index.php\/wp-json\/wp\/v2\/pages"}],"about":[{"href":"https:\/\/www.soul-brasileira.org\/index.php\/wp-json\/wp\/v2\/types\/page"}],"author":[{"embeddable":true,"href":"https:\/\/www.soul-brasileira.org\/index.php\/wp-json\/wp\/v2\/users\/1"}],"replies":[{"embeddable":true,"href":"https:\/\/www.soul-brasileira.org\/index.php\/wp-json\/wp\/v2\/comments?post=154"}],"version-history":[{"count":27,"href":"https:\/\/www.soul-brasileira.org\/index.php\/wp-json\/wp\/v2\/pages\/154\/revisions"}],"predecessor-version":[{"id":923,"href":"https:\/\/www.soul-brasileira.org\/index.php\/wp-json\/wp\/v2\/pages\/154\/revisions\/923"}],"wp:attachment":[{"href":"https:\/\/www.soul-brasileira.org\/index.php\/wp-json\/wp\/v2\/media?parent=154"}],"curies":[{"name":"wp","href":"https:\/\/api.w.org\/{rel}","templated":true}]}}