{"id":156,"date":"2025-07-11T09:10:54","date_gmt":"2025-07-11T09:10:54","guid":{"rendered":"https:\/\/www.soul-brasileira.org\/?page_id=156"},"modified":"2025-09-07T07:48:41","modified_gmt":"2025-09-07T07:48:41","slug":"danse-samba-marseille","status":"publish","type":"page","link":"https:\/\/www.soul-brasileira.org\/index.php\/danse-samba-marseille\/","title":{"rendered":"Danse &#8211; Samba no p\u00e9"},"content":{"rendered":"<p>[et_pb_section fb_built=\u00a0\u00bb1&Prime; admin_label=\u00a0\u00bbHeader\u00a0\u00bb _builder_version=\u00a0\u00bb4.25.1&Prime; _module_preset=\u00a0\u00bbdefault\u00a0\u00bb custom_margin=\u00a0\u00bb||-101px|||\u00a0\u00bb locked=\u00a0\u00bboff\u00a0\u00bb global_colors_info=\u00a0\u00bb{}\u00a0\u00bb][et_pb_row column_structure=\u00a0\u00bb1_2,1_2&Prime; _builder_version=\u00a0\u00bb4.25.1&Prime; _module_preset=\u00a0\u00bbdefault\u00a0\u00bb custom_padding=\u00a0\u00bb||0px|||\u00a0\u00bb global_colors_info=\u00a0\u00bb{}\u00a0\u00bb][et_pb_column type=\u00a0\u00bb1_2&Prime; _builder_version=\u00a0\u00bb4.25.1&Prime; _module_preset=\u00a0\u00bbdefault\u00a0\u00bb custom_padding=\u00a0\u00bb10%||||false|false\u00a0\u00bb custom_padding_tablet=\u00a0\u00bb0%||||false|false\u00a0\u00bb custom_padding_phone=\u00a0\u00bb\u00a0\u00bb custom_padding_last_edited=\u00a0\u00bbon|desktop\u00a0\u00bb global_colors_info=\u00a0\u00bb{}\u00a0\u00bb][et_pb_heading title=\u00a0\u00bbAirBtk\u00a0\u00bb _builder_version=\u00a0\u00bb4.27.4&Prime; _module_preset=\u00a0\u00bb1c9f7a07-9e10-4c49-933c-5c40c2e386f6&Prime; title_font=\u00a0\u00bbLato|700|||||||\u00a0\u00bb transform_translate=\u00a0\u00bb0px|-91px\u00a0\u00bb custom_margin=\u00a0\u00bb||10px||false|false\u00a0\u00bb locked=\u00a0\u00bboff\u00a0\u00bb global_colors_info=\u00a0\u00bb{}\u00a0\u00bb][\/et_pb_heading][et_pb_text _builder_version=\u00a0\u00bb4.27.4&Prime; _module_preset=\u00a0\u00bb204b4fed-4989-4050-8dfc-143b9595e1c1&Prime; transform_translate=\u00a0\u00bb0px|-76px\u00a0\u00bb global_colors_info=\u00a0\u00bb{}\u00a0\u00bb]<\/p>\n<p data-start=\"1359\" data-end=\"1574\">Le AirBtk un cours unique de renforcement musculaire, encadr\u00e9 par PrudyCoach, qui combine l&rsquo;\u00e9nergie du step freestyle et la puissance des b\u00e2tons de percussions.<\/p>\n<p>Sculptez votre corps, boostez votre cardio et d\u00e9foulez vous au son du rythme.<\/p>\n<p data-start=\"1359\" data-end=\"1574\">Bonne humeur et good vibes only.<\/p>\n<p data-start=\"1359\" data-end=\"1574\">Ouvert \u00e0 toutes et \u00e0 tous, ce cours va vous rendre addict!!<\/p>\n<p data-start=\"1359\" data-end=\"1574\">\n<p data-start=\"1359\" data-end=\"1574\">Tous les vendredis de 18h \u00e0 19h \u00e0 la Fraternit\u00e9 de la Belle de mai (13003)<\/p>\n<p data-start=\"1359\" data-end=\"1574\">\n<p>[\/et_pb_text][\/et_pb_column][et_pb_column type=\u00a0\u00bb1_2&Prime; _builder_version=\u00a0\u00bb4.25.1&Prime; _module_preset=\u00a0\u00bbdefault\u00a0\u00bb custom_padding=\u00a0\u00bb||||false|false\u00a0\u00bb global_colors_info=\u00a0\u00bb{}\u00a0\u00bb][et_pb_video src=\u00a0\u00bbhttps:\/\/youtube.com\/shorts\/_XS3_-digiw?feature=share\u00a0\u00bb _builder_version=\u00a0\u00bb4.27.4&Prime; _module_preset=\u00a0\u00bbdefault\u00a0\u00bb global_colors_info=\u00a0\u00bb{}\u00a0\u00bb][\/et_pb_video][\/et_pb_column][\/et_pb_row][\/et_pb_section][et_pb_section fb_built=\u00a0\u00bb1&Prime; admin_label=\u00a0\u00bbFooter\u00a0\u00bb _builder_version=\u00a0\u00bb4.25.1&Prime; _module_preset=\u00a0\u00bbdefault\u00a0\u00bb saved_tabs=\u00a0\u00bball\u00a0\u00bb collapsed=\u00a0\u00bbon\u00a0\u00bb global_colors_info=\u00a0\u00bb{}\u00a0\u00bb][et_pb_row _builder_version=\u00a0\u00bb4.25.1&Prime; _module_preset=\u00a0\u00bbdefault\u00a0\u00bb border_color_all=\u00a0\u00bbrgba(0,0,0,0.12)\u00a0\u00bb border_width_top=\u00a0\u00bb1px\u00a0\u00bb global_colors_info=\u00a0\u00bb{}\u00a0\u00bb][et_pb_column type=\u00a0\u00bb4_4&Prime; _builder_version=\u00a0\u00bb4.25.1&Prime; _module_preset=\u00a0\u00bbdefault\u00a0\u00bb global_colors_info=\u00a0\u00bb{}\u00a0\u00bb][et_pb_text _builder_version=\u00a0\u00bb4.25.1&Prime; _dynamic_attributes=\u00a0\u00bbcontent\u00a0\u00bb _module_preset=\u00a0\u00bb204b4fed-4989-4050-8dfc-143b9595e1c1&Prime; global_colors_info=\u00a0\u00bb{}\u00a0\u00bb]@ET-DC@eyJkeW5hbWljIjp0cnVlLCJjb250ZW50IjoiY3VycmVudF9kYXRlIiwic2V0dGluZ3MiOnsiYmVmb3JlIjoiQ29weXJpZ2h0ICZjb3B5OyAiLCJhZnRlciI6IiBEaXZpLiBBbGwgUmlnaHRzIFJlc2VydmVkLiIsImRhdGVfZm9ybWF0IjoiY3VzdG9tIiwiY3VzdG9tX2RhdGVfZm9ybWF0IjoiWSJ9fQ==@[\/et_pb_text][\/et_pb_column][\/et_pb_row][\/et_pb_section]<\/p>\n","protected":false},"excerpt":{"rendered":"<p>Le AirBtk un cours unique de renforcement musculaire, encadr\u00e9 par PrudyCoach, qui combine l&rsquo;\u00e9nergie du step freestyle et la puissance des b\u00e2tons de percussions. Sculptez votre corps, boostez votre cardio et d\u00e9foulez vous au son du rythme. Bonne humeur et good vibes only. Ouvert \u00e0 toutes et \u00e0 tous, ce cours va vous rendre addict!! [&hellip;]<\/p>\n","protected":false},"author":1,"featured_media":0,"parent":0,"menu_order":0,"comment_status":"closed","ping_status":"closed","template":"","meta":{"_et_pb_use_builder":"on","_et_pb_old_content":"","_et_gb_content_width":"","footnotes":""},"class_list":["post-156","page","type-page","status-publish","hentry"],"yoast_head":"<!-- This site is optimized with the Yoast SEO plugin v25.4 - https:\/\/yoast.com\/wordpress\/plugins\/seo\/ -->\n<title>Danse - Samba no p\u00e9 - Soul Brasileira - Batucada Marseille<\/title>\n<meta name=\"robots\" content=\"index, follow, max-snippet:-1, max-image-preview:large, max-video-preview:-1\" \/>\n<link rel=\"canonical\" href=\"https:\/\/www.soul-brasileira.org\/index.php\/danse-samba-marseille\/\" \/>\n<meta property=\"og:locale\" content=\"fr_FR\" \/>\n<meta property=\"og:type\" content=\"article\" \/>\n<meta property=\"og:title\" content=\"Danse - Samba no p\u00e9 - Soul Brasileira - Batucada Marseille\" \/>\n<meta property=\"og:description\" content=\"Le AirBtk un cours unique de renforcement musculaire, encadr\u00e9 par PrudyCoach, qui combine l&#039;\u00e9nergie du step freestyle et la puissance des b\u00e2tons de percussions. Sculptez votre corps, boostez votre cardio et d\u00e9foulez vous au son du rythme. Bonne humeur et good vibes only. Ouvert \u00e0 toutes et \u00e0 tous, ce cours va vous rendre addict!! [&hellip;]\" \/>\n<meta property=\"og:url\" content=\"https:\/\/www.soul-brasileira.org\/index.php\/danse-samba-marseille\/\" \/>\n<meta property=\"og:site_name\" content=\"Soul Brasileira - Batucada Marseille\" \/>\n<meta property=\"article:modified_time\" content=\"2025-09-07T07:48:41+00:00\" \/>\n<meta name=\"twitter:card\" content=\"summary_large_image\" \/>\n<meta name=\"twitter:label1\" content=\"Dur\u00e9e de lecture estim\u00e9e\" \/>\n\t<meta name=\"twitter:data1\" content=\"1 minute\" \/>\n<script type=\"application\/ld+json\" class=\"yoast-schema-graph\">{\"@context\":\"https:\/\/schema.org\",\"@graph\":[{\"@type\":\"WebPage\",\"@id\":\"https:\/\/www.soul-brasileira.org\/index.php\/danse-samba-marseille\/\",\"url\":\"https:\/\/www.soul-brasileira.org\/index.php\/danse-samba-marseille\/\",\"name\":\"Danse - Samba no p\u00e9 - Soul Brasileira - Batucada Marseille\",\"isPartOf\":{\"@id\":\"https:\/\/www.soul-brasileira.org\/#website\"},\"datePublished\":\"2025-07-11T09:10:54+00:00\",\"dateModified\":\"2025-09-07T07:48:41+00:00\",\"breadcrumb\":{\"@id\":\"https:\/\/www.soul-brasileira.org\/index.php\/danse-samba-marseille\/#breadcrumb\"},\"inLanguage\":\"fr-FR\",\"potentialAction\":[{\"@type\":\"ReadAction\",\"target\":[\"https:\/\/www.soul-brasileira.org\/index.php\/danse-samba-marseille\/\"]}]},{\"@type\":\"BreadcrumbList\",\"@id\":\"https:\/\/www.soul-brasileira.org\/index.php\/danse-samba-marseille\/#breadcrumb\",\"itemListElement\":[{\"@type\":\"ListItem\",\"position\":1,\"name\":\"Accueil\",\"item\":\"https:\/\/www.soul-brasileira.org\/\"},{\"@type\":\"ListItem\",\"position\":2,\"name\":\"Danse &#8211; Samba no p\u00e9\"}]},{\"@type\":\"WebSite\",\"@id\":\"https:\/\/www.soul-brasileira.org\/#website\",\"url\":\"https:\/\/www.soul-brasileira.org\/\",\"name\":\"Soul Brasileira - Batucada Marseille\",\"description\":\"\",\"potentialAction\":[{\"@type\":\"SearchAction\",\"target\":{\"@type\":\"EntryPoint\",\"urlTemplate\":\"https:\/\/www.soul-brasileira.org\/?s={search_term_string}\"},\"query-input\":{\"@type\":\"PropertyValueSpecification\",\"valueRequired\":true,\"valueName\":\"search_term_string\"}}],\"inLanguage\":\"fr-FR\"}]}<\/script>\n<!-- \/ Yoast SEO plugin. -->","yoast_head_json":{"title":"Danse - Samba no p\u00e9 - Soul Brasileira - Batucada Marseille","robots":{"index":"index","follow":"follow","max-snippet":"max-snippet:-1","max-image-preview":"max-image-preview:large","max-video-preview":"max-video-preview:-1"},"canonical":"https:\/\/www.soul-brasileira.org\/index.php\/danse-samba-marseille\/","og_locale":"fr_FR","og_type":"article","og_title":"Danse - Samba no p\u00e9 - Soul Brasileira - Batucada Marseille","og_description":"Le AirBtk un cours unique de renforcement musculaire, encadr\u00e9 par PrudyCoach, qui combine l'\u00e9nergie du step freestyle et la puissance des b\u00e2tons de percussions. Sculptez votre corps, boostez votre cardio et d\u00e9foulez vous au son du rythme. Bonne humeur et good vibes only. Ouvert \u00e0 toutes et \u00e0 tous, ce cours va vous rendre addict!! [&hellip;]","og_url":"https:\/\/www.soul-brasileira.org\/index.php\/danse-samba-marseille\/","og_site_name":"Soul Brasileira - Batucada Marseille","article_modified_time":"2025-09-07T07:48:41+00:00","twitter_card":"summary_large_image","twitter_misc":{"Dur\u00e9e de lecture estim\u00e9e":"1 minute"},"schema":{"@context":"https:\/\/schema.org","@graph":[{"@type":"WebPage","@id":"https:\/\/www.soul-brasileira.org\/index.php\/danse-samba-marseille\/","url":"https:\/\/www.soul-brasileira.org\/index.php\/danse-samba-marseille\/","name":"Danse - Samba no p\u00e9 - Soul Brasileira - Batucada Marseille","isPartOf":{"@id":"https:\/\/www.soul-brasileira.org\/#website"},"datePublished":"2025-07-11T09:10:54+00:00","dateModified":"2025-09-07T07:48:41+00:00","breadcrumb":{"@id":"https:\/\/www.soul-brasileira.org\/index.php\/danse-samba-marseille\/#breadcrumb"},"inLanguage":"fr-FR","potentialAction":[{"@type":"ReadAction","target":["https:\/\/www.soul-brasileira.org\/index.php\/danse-samba-marseille\/"]}]},{"@type":"BreadcrumbList","@id":"https:\/\/www.soul-brasileira.org\/index.php\/danse-samba-marseille\/#breadcrumb","itemListElement":[{"@type":"ListItem","position":1,"name":"Accueil","item":"https:\/\/www.soul-brasileira.org\/"},{"@type":"ListItem","position":2,"name":"Danse &#8211; Samba no p\u00e9"}]},{"@type":"WebSite","@id":"https:\/\/www.soul-brasileira.org\/#website","url":"https:\/\/www.soul-brasileira.org\/","name":"Soul Brasileira - Batucada Marseille","description":"","potentialAction":[{"@type":"SearchAction","target":{"@type":"EntryPoint","urlTemplate":"https:\/\/www.soul-brasileira.org\/?s={search_term_string}"},"query-input":{"@type":"PropertyValueSpecification","valueRequired":true,"valueName":"search_term_string"}}],"inLanguage":"fr-FR"}]}},"_links":{"self":[{"href":"https:\/\/www.soul-brasileira.org\/index.php\/wp-json\/wp\/v2\/pages\/156","targetHints":{"allow":["GET"]}}],"collection":[{"href":"https:\/\/www.soul-brasileira.org\/index.php\/wp-json\/wp\/v2\/pages"}],"about":[{"href":"https:\/\/www.soul-brasileira.org\/index.php\/wp-json\/wp\/v2\/types\/page"}],"author":[{"embeddable":true,"href":"https:\/\/www.soul-brasileira.org\/index.php\/wp-json\/wp\/v2\/users\/1"}],"replies":[{"embeddable":true,"href":"https:\/\/www.soul-brasileira.org\/index.php\/wp-json\/wp\/v2\/comments?post=156"}],"version-history":[{"count":24,"href":"https:\/\/www.soul-brasileira.org\/index.php\/wp-json\/wp\/v2\/pages\/156\/revisions"}],"predecessor-version":[{"id":941,"href":"https:\/\/www.soul-brasileira.org\/index.php\/wp-json\/wp\/v2\/pages\/156\/revisions\/941"}],"wp:attachment":[{"href":"https:\/\/www.soul-brasileira.org\/index.php\/wp-json\/wp\/v2\/media?parent=156"}],"curies":[{"name":"wp","href":"https:\/\/api.w.org\/{rel}","templated":true}]}}