{"id":172,"date":"2025-07-11T09:46:27","date_gmt":"2025-07-11T09:46:27","guid":{"rendered":"https:\/\/www.soul-brasileira.org\/?page_id=172"},"modified":"2025-08-25T14:44:39","modified_gmt":"2025-08-25T14:44:39","slug":"lili-nascimento-soul-brasileira-marseille","status":"publish","type":"page","link":"https:\/\/www.soul-brasileira.org\/index.php\/lili-nascimento-soul-brasileira-marseille\/","title":{"rendered":"Direction artistique"},"content":{"rendered":"<p>[et_pb_section fb_built=\u00a0\u00bb1&Prime; admin_label=\u00a0\u00bbHeader\u00a0\u00bb _builder_version=\u00a0\u00bb4.24.2&Prime; _module_preset=\u00a0\u00bbdefault\u00a0\u00bb custom_padding=\u00a0\u00bb||0px||false|false\u00a0\u00bb collapsed=\u00a0\u00bbon\u00a0\u00bb global_colors_info=\u00a0\u00bb{}\u00a0\u00bb][et_pb_row _builder_version=\u00a0\u00bb4.27.4&Prime; _module_preset=\u00a0\u00bbdefault\u00a0\u00bb global_colors_info=\u00a0\u00bb{}\u00a0\u00bb][et_pb_column type=\u00a0\u00bb4_4&Prime; _builder_version=\u00a0\u00bb4.27.4&Prime; _module_preset=\u00a0\u00bbdefault\u00a0\u00bb global_colors_info=\u00a0\u00bb{}\u00a0\u00bb][et_pb_heading title=\u00a0\u00bbDIRECTION ARTISTIQUE : LILI NASCIMENTO\u00a0\u00bb _builder_version=\u00a0\u00bb4.27.4&Prime; _module_preset=\u00a0\u00bbdefault\u00a0\u00bb transform_scale=\u00a0\u00bb122%|122%\u00a0\u00bb global_colors_info=\u00a0\u00bb{}\u00a0\u00bb][\/et_pb_heading][\/et_pb_column][\/et_pb_row][\/et_pb_section][et_pb_section fb_built=\u00a0\u00bb1&Prime; use_custom_gutter=\u00a0\u00bbon\u00a0\u00bb gutter_width=\u00a0\u00bb2&Prime; specialty=\u00a0\u00bbon\u00a0\u00bb padding_top_1=\u00a0\u00bb0px\u00a0\u00bb padding_top_bottom_link_1=\u00a0\u00bbfalse\u00a0\u00bb padding_top_bottom_link_2=\u00a0\u00bbfalse\u00a0\u00bb padding_top_bottom_link_3=\u00a0\u00bbfalse\u00a0\u00bb padding_left_right_link_1=\u00a0\u00bbfalse\u00a0\u00bb padding_left_right_link_2=\u00a0\u00bbfalse\u00a0\u00bb padding_left_right_link_3=\u00a0\u00bbfalse\u00a0\u00bb _builder_version=\u00a0\u00bb4.24.2&Prime; _module_preset=\u00a0\u00bbdefault\u00a0\u00bb inner_width=\u00a0\u00bb90%\u00a0\u00bb inner_max_width=\u00a0\u00bb2000px\u00a0\u00bb custom_margin=\u00a0\u00bb||-52px|||\u00a0\u00bb custom_padding=\u00a0\u00bb0px|||||\u00a0\u00bb global_colors_info=\u00a0\u00bb{}\u00a0\u00bb][et_pb_column type=\u00a0\u00bb1_2&Prime; _builder_version=\u00a0\u00bb4.16&Prime; _module_preset=\u00a0\u00bbdefault\u00a0\u00bb custom_padding=\u00a0\u00bb|||\u00a0\u00bb global_colors_info=\u00a0\u00bb{}\u00a0\u00bb custom_padding__hover=\u00a0\u00bb|||\u00a0\u00bb][et_pb_image src=\u00a0\u00bbhttp:\/\/www.soul-brasileira.org\/wp-content\/uploads\/2025\/07\/lili-nascimenta-samba-batucada-marseille-3.webp\u00a0\u00bb title_text=\u00a0\u00bblili nascimenta samba batucada marseille 3&Prime; show_in_lightbox=\u00a0\u00bbon\u00a0\u00bb force_fullwidth=\u00a0\u00bbon\u00a0\u00bb _builder_version=\u00a0\u00bb4.27.4&Prime; _module_preset=\u00a0\u00bbeb2a49d6-ef78-42f8-b166-888683e6bdda\u00a0\u00bb custom_margin_tablet=\u00a0\u00bb|0vw|||false|false\u00a0\u00bb custom_margin_phone=\u00a0\u00bb|||0vw|false|false\u00a0\u00bb custom_margin_last_edited=\u00a0\u00bboff|desktop\u00a0\u00bb locked=\u00a0\u00bboff\u00a0\u00bb global_colors_info=\u00a0\u00bb{}\u00a0\u00bb][\/et_pb_image][\/et_pb_column][et_pb_column type=\u00a0\u00bb1_2&Prime; specialty_columns=\u00a0\u00bb2&Prime; _builder_version=\u00a0\u00bb4.16&Prime; _module_preset=\u00a0\u00bbdefault\u00a0\u00bb custom_padding=\u00a0\u00bb|||\u00a0\u00bb global_colors_info=\u00a0\u00bb{}\u00a0\u00bb custom_padding__hover=\u00a0\u00bb|||\u00a0\u00bb][et_pb_row_inner _builder_version=\u00a0\u00bb4.27.4&Prime; _module_preset=\u00a0\u00bbdefault\u00a0\u00bb min_height=\u00a0\u00bb681.6px\u00a0\u00bb global_colors_info=\u00a0\u00bb{}\u00a0\u00bb][et_pb_column_inner saved_specialty_column_type=\u00a0\u00bb1_2&Prime; _builder_version=\u00a0\u00bb4.27.4&Prime; _module_preset=\u00a0\u00bbdefault\u00a0\u00bb global_colors_info=\u00a0\u00bb{}\u00a0\u00bb][et_pb_text _builder_version=\u00a0\u00bb4.27.4&Prime; _module_preset=\u00a0\u00bbdefault\u00a0\u00bb text_font=\u00a0\u00bbLato||||||||\u00a0\u00bb text_font_size=\u00a0\u00bb18px\u00a0\u00bb custom_margin=\u00a0\u00bb-39px|||||\u00a0\u00bb global_colors_info=\u00a0\u00bb{}\u00a0\u00bb]<\/p>\n<p class=\"cvGsUA direction-ltr align-justify para-style-body\"><span class=\"OYPEnA font-feature-liga-off font-feature-clig-off font-feature-calt-off text-decoration-none text-strikethrough-none\">Lili Nascimento <\/span><span class=\"OYPEnA font-feature-liga-off font-feature-clig-off font-feature-calt-off text-decoration-none text-strikethrough-none\">est une personnalit\u00e9 des percussions br\u00e9siliennes.<\/span><\/p>\n<p class=\"cvGsUA direction-ltr align-justify para-style-body\"><span style=\"font-size: 18px;\">Petite-fille du fondateur de l\u2019\u00e9cole de Samba \u00ab\u00a0<\/span><a href=\"https:\/\/www.mocidadealegre.com.br\/\" style=\"font-size: 18px;\">Mocidade Alegre\u00a0<\/a><span style=\"font-size: 18px;\">\u00bb de S\u00e3o Paulo, elle ma\u00eetrise plusieurs instruments de percussions de la samba, y compris les instruments \u00e0 cordes tels que le cavaquinho, le banjo ou la guitare.<\/span><\/p>\n<p class=\"cvGsUA direction-ltr align-justify para-style-body\"><span class=\"OYPEnA font-feature-liga-off font-feature-clig-off font-feature-calt-off text-decoration-none text-strikethrough-none\">Formation :<br \/><\/span><span style=\"font-size: 18px;\">Lili a grandi au coeur de l\u2019\u00e9cole de samba, apr\u00e8s avoir appris de mani\u00e8re autodidacte, elle a \u00e9tudi\u00e9 dans les meilleures universit\u00e9s du Br\u00e9sil, notamment \u00e0 l\u2019Universidade Livre de M\u00fasica Tom Jobim et du centre universitaire FIAM FAAM de S\u00e3o Paulo.<\/span><\/p>\n<p class=\"cvGsUA direction-ltr align-justify para-style-body\"><span class=\"OYPEnA font-feature-liga-off font-feature-clig-off font-feature-calt-off text-decoration-none text-strikethrough-none\">Elle est la premi\u00e8re femme \u00e0 avoir d\u00e9fil\u00e9 comme cavaquiniste officielle<\/span><span class=\"OYPEnA font-feature-liga-off font-feature-clig-off font-feature-calt-off text-decoration-none text-strikethrough-none white-space-prewrap\"> <\/span><span class=\"OYPEnA font-feature-liga-off font-feature-clig-off font-feature-calt-off text-decoration-none text-strikethrough-none\">au Carnaval de S\u00e3o Paulo.<\/span><\/p>\n<p class=\"cvGsUA direction-ltr align-justify para-style-body\"><span class=\"OYPEnA font-feature-liga-off font-feature-clig-off font-feature-calt-off text-decoration-none text-strikethrough-none\">Elle est \u00e9galement une artiste confirm\u00e9e et joue dans le monde entier aupr\u00e8s d\u2019artiste tels que : M, Ibrahim Maalouf, Camille, Faada Freddy, Chico Cesar&#8230;<\/span><\/p>\n<p class=\"cvGsUA direction-ltr align-justify para-style-body\"><span class=\"OYPEnA font-feature-liga-off font-feature-clig-off font-feature-calt-off text-decoration-none text-strikethrough-none\">Lili donne des cours de percussions et de samba depuis plus de 20 ans aupr\u00e8s de diff\u00e9rents publics : enfants, adultes, personnes \u00e2g\u00e9es.<\/span><\/p>\n<p>Elle est reconnue pour ses comp\u00e9tences rythmiques et musicales, ainsi que pour sa p\u00e9dagogie et son \u00e9nergie toujours positive.<\/p>\n<p>Elle donne actuellement des cours de roda de samba, cavaquinho, pandeiro, timbal et de batucadas au sein de l&rsquo;association SouL Brasileira \u00e0 Marseille.<\/p>\n<p>Elle est r\u00e9guli\u00e8rement appel\u00e9 pour jouer en tant qu&rsquo;artiste en France et \u00e0 l&rsquo;\u00e9tranger.<\/p>\n<p>Le 17 juillet 2025 Lili a re\u00e7u la reconnaissance institutionnelle maximum, en effet elle a \u00e9t\u00e9 reconnue par la f\u00e9d\u00e9ration br\u00e9silienne de samba comme embaixadora do samba (ambassadrice de la samba) pour son parcours de vie, ses comp\u00e9tences artistiques, talents et d\u00e9vouement \u00e0 la samba.<span style=\"font-family: Lato; font-weight: normal; font-size: large;\"><\/span><\/p>\n<p>&nbsp;<\/p>\n<p>[\/et_pb_text][\/et_pb_column_inner][\/et_pb_row_inner][\/et_pb_column][\/et_pb_section][et_pb_section fb_built=\u00a0\u00bb1&Prime; fullwidth=\u00a0\u00bbon\u00a0\u00bb _builder_version=\u00a0\u00bb4.27.4&Prime; _module_preset=\u00a0\u00bbdefault\u00a0\u00bb global_colors_info=\u00a0\u00bb{}\u00a0\u00bb][et_pb_fullwidth_image src=\u00a0\u00bbhttp:\/\/www.soul-brasileira.org\/wp-content\/uploads\/2025\/07\/bandeau-SB-1.webp\u00a0\u00bb title_text=\u00a0\u00bbbandeau SB (1)\u00a0\u00bb _builder_version=\u00a0\u00bb4.27.4&Prime; _module_preset=\u00a0\u00bbdefault\u00a0\u00bb global_colors_info=\u00a0\u00bb{}\u00a0\u00bb][\/et_pb_fullwidth_image][\/et_pb_section][et_pb_section fb_built=\u00a0\u00bb1&Prime; _builder_version=\u00a0\u00bb4.27.4&Prime; _module_preset=\u00a0\u00bbdefault\u00a0\u00bb custom_padding=\u00a0\u00bb||8px|||\u00a0\u00bb global_colors_info=\u00a0\u00bb{}\u00a0\u00bb][et_pb_row _builder_version=\u00a0\u00bb4.27.4&Prime; _module_preset=\u00a0\u00bbdefault\u00a0\u00bb global_colors_info=\u00a0\u00bb{}\u00a0\u00bb][et_pb_column type=\u00a0\u00bb4_4&Prime; _builder_version=\u00a0\u00bb4.27.4&Prime; _module_preset=\u00a0\u00bbdefault\u00a0\u00bb global_colors_info=\u00a0\u00bb{}\u00a0\u00bb][et_pb_text _builder_version=\u00a0\u00bb4.27.4&Prime; _module_preset=\u00a0\u00bbdefault\u00a0\u00bb global_colors_info=\u00a0\u00bb{}\u00a0\u00bb]<\/p>\n<h2><span style=\"color: #314775;\"><strong>\u00ab\u00a0Eu nasci com o samba, no samba me criei, e do danado do samba nunca me separei, o samba da minha terra deixa a gente mole, quando se canta todo mundo bole&#8230;\u00a0\u00bb<\/strong><\/span><\/h2>\n<p>[\/et_pb_text][\/et_pb_column][\/et_pb_row][\/et_pb_section][et_pb_section fb_built=\u00a0\u00bb1&Prime; admin_label=\u00a0\u00bbModel Gallery\u00a0\u00bb _builder_version=\u00a0\u00bb4.24.2&Prime; _module_preset=\u00a0\u00bbdefault\u00a0\u00bb collapsed=\u00a0\u00bbon\u00a0\u00bb global_colors_info=\u00a0\u00bb{}\u00a0\u00bb][et_pb_row column_structure=\u00a0\u00bb1_2,1_2&Prime; _builder_version=\u00a0\u00bb4.24.2&Prime; _module_preset=\u00a0\u00bbdefault\u00a0\u00bb width=\u00a0\u00bb90%\u00a0\u00bb max_width=\u00a0\u00bbnone\u00a0\u00bb global_colors_info=\u00a0\u00bb{}\u00a0\u00bb][et_pb_column type=\u00a0\u00bb1_2&Prime; _builder_version=\u00a0\u00bb4.24.2&Prime; _module_preset=\u00a0\u00bbdefault\u00a0\u00bb global_colors_info=\u00a0\u00bb{}\u00a0\u00bb][et_pb_image src=\u00a0\u00bbhttp:\/\/www.soul-brasileira.org\/wp-content\/uploads\/2025\/07\/lili-nascimenta-samba-batucada-marseille-5.webp\u00a0\u00bb title_text=\u00a0\u00bblili nascimenta samba batucada marseille 5&Prime; show_in_lightbox=\u00a0\u00bbon\u00a0\u00bb overlay_icon_color=\u00a0\u00bb#FFFFFF\u00a0\u00bb hover_overlay_color=\u00a0\u00bbRGBA(198,186,172,0.5)\u00a0\u00bb force_fullwidth=\u00a0\u00bbon\u00a0\u00bb _builder_version=\u00a0\u00bb4.27.4&Prime; _module_preset=\u00a0\u00bbeb2a49d6-ef78-42f8-b166-888683e6bdda\u00a0\u00bb height=\u00a0\u00bb769px\u00a0\u00bb custom_padding=\u00a0\u00bb||0px|||\u00a0\u00bb global_colors_info=\u00a0\u00bb{}\u00a0\u00bb][\/et_pb_image][\/et_pb_column][et_pb_column type=\u00a0\u00bb1_2&Prime; _builder_version=\u00a0\u00bb4.24.2&Prime; _module_preset=\u00a0\u00bbdefault\u00a0\u00bb global_colors_info=\u00a0\u00bb{}\u00a0\u00bb][et_pb_image src=\u00a0\u00bbhttp:\/\/www.soul-brasileira.org\/wp-content\/uploads\/2025\/07\/lili-nascimenta-samba-batucada-marseille-4.webp\u00a0\u00bb title_text=\u00a0\u00bblili nascimenta samba batucada marseille 4&Prime; show_in_lightbox=\u00a0\u00bbon\u00a0\u00bb overlay_icon_color=\u00a0\u00bb#FFFFFF\u00a0\u00bb hover_overlay_color=\u00a0\u00bbRGBA(198,186,172,0.5)\u00a0\u00bb force_fullwidth=\u00a0\u00bbon\u00a0\u00bb _builder_version=\u00a0\u00bb4.27.4&Prime; _module_preset=\u00a0\u00bbeb2a49d6-ef78-42f8-b166-888683e6bdda\u00a0\u00bb global_colors_info=\u00a0\u00bb{}\u00a0\u00bb][\/et_pb_image][\/et_pb_column][\/et_pb_row][et_pb_row column_structure=\u00a0\u00bb1_2,1_2&Prime; _builder_version=\u00a0\u00bb4.24.2&Prime; _module_preset=\u00a0\u00bbdefault\u00a0\u00bb width=\u00a0\u00bb90%\u00a0\u00bb max_width=\u00a0\u00bbnone\u00a0\u00bb global_colors_info=\u00a0\u00bb{}\u00a0\u00bb][et_pb_column type=\u00a0\u00bb1_2&Prime; _builder_version=\u00a0\u00bb4.24.2&Prime; _module_preset=\u00a0\u00bbdefault\u00a0\u00bb global_colors_info=\u00a0\u00bb{}\u00a0\u00bb][et_pb_image src=\u00a0\u00bbhttp:\/\/www.soul-brasileira.org\/wp-content\/uploads\/2025\/07\/lili-nascimenta-samba-batucada-marseille.webp\u00a0\u00bb title_text=\u00a0\u00bblili nascimenta samba batucada marseille\u00a0\u00bb show_in_lightbox=\u00a0\u00bbon\u00a0\u00bb overlay_icon_color=\u00a0\u00bb#FFFFFF\u00a0\u00bb hover_overlay_color=\u00a0\u00bbRGBA(198,186,172,0.5)\u00a0\u00bb force_fullwidth=\u00a0\u00bbon\u00a0\u00bb _builder_version=\u00a0\u00bb4.27.4&Prime; _module_preset=\u00a0\u00bbeb2a49d6-ef78-42f8-b166-888683e6bdda\u00a0\u00bb height=\u00a0\u00bb469px\u00a0\u00bb global_colors_info=\u00a0\u00bb{}\u00a0\u00bb][\/et_pb_image][\/et_pb_column][et_pb_column type=\u00a0\u00bb1_2&Prime; _builder_version=\u00a0\u00bb4.24.2&Prime; _module_preset=\u00a0\u00bbdefault\u00a0\u00bb global_colors_info=\u00a0\u00bb{}\u00a0\u00bb][et_pb_image src=\u00a0\u00bbhttp:\/\/www.soul-brasileira.org\/wp-content\/uploads\/2025\/07\/lili-nascimenta-samba-batucada-marseille-1.webp\u00a0\u00bb title_text=\u00a0\u00bblili nascimenta samba batucada marseille 1&Prime; show_in_lightbox=\u00a0\u00bbon\u00a0\u00bb overlay_icon_color=\u00a0\u00bb#FFFFFF\u00a0\u00bb hover_overlay_color=\u00a0\u00bbRGBA(198,186,172,0.5)\u00a0\u00bb force_fullwidth=\u00a0\u00bbon\u00a0\u00bb _builder_version=\u00a0\u00bb4.27.4&Prime; _module_preset=\u00a0\u00bbeb2a49d6-ef78-42f8-b166-888683e6bdda\u00a0\u00bb global_colors_info=\u00a0\u00bb{}\u00a0\u00bb][\/et_pb_image][\/et_pb_column][\/et_pb_row][et_pb_row column_structure=\u00a0\u00bb1_2,1_2&Prime; _builder_version=\u00a0\u00bb4.24.2&Prime; _module_preset=\u00a0\u00bbdefault\u00a0\u00bb width=\u00a0\u00bb90%\u00a0\u00bb max_width=\u00a0\u00bb2000px\u00a0\u00bb global_colors_info=\u00a0\u00bb{}\u00a0\u00bb][et_pb_column type=\u00a0\u00bb1_2&Prime; _builder_version=\u00a0\u00bb4.24.2&Prime; _module_preset=\u00a0\u00bbdefault\u00a0\u00bb global_colors_info=\u00a0\u00bb{}\u00a0\u00bb][et_pb_image src=\u00a0\u00bbhttp:\/\/www.soul-brasileira.org\/wp-content\/uploads\/2025\/07\/lili-nascimenta-samba-batucada-marseille-2.webp\u00a0\u00bb title_text=\u00a0\u00bblili nascimenta samba batucada marseille 2&Prime; show_in_lightbox=\u00a0\u00bbon\u00a0\u00bb overlay_icon_color=\u00a0\u00bb#FFFFFF\u00a0\u00bb hover_overlay_color=\u00a0\u00bbRGBA(198,186,172,0.5)\u00a0\u00bb force_fullwidth=\u00a0\u00bbon\u00a0\u00bb _builder_version=\u00a0\u00bb4.27.4&Prime; _module_preset=\u00a0\u00bbeb2a49d6-ef78-42f8-b166-888683e6bdda\u00a0\u00bb height=\u00a0\u00bb541px\u00a0\u00bb global_colors_info=\u00a0\u00bb{}\u00a0\u00bb][\/et_pb_image][\/et_pb_column][et_pb_column type=\u00a0\u00bb1_2&Prime; _builder_version=\u00a0\u00bb4.24.2&Prime; _module_preset=\u00a0\u00bbdefault\u00a0\u00bb global_colors_info=\u00a0\u00bb{}\u00a0\u00bb][et_pb_image src=\u00a0\u00bbhttp:\/\/www.soul-brasileira.org\/wp-content\/uploads\/2025\/07\/lili-nascimenta-samba-batucada-marseille-6.webp\u00a0\u00bb title_text=\u00a0\u00bblili nascimenta samba batucada marseille 6&Prime; show_in_lightbox=\u00a0\u00bbon\u00a0\u00bb overlay_icon_color=\u00a0\u00bb#FFFFFF\u00a0\u00bb hover_overlay_color=\u00a0\u00bbRGBA(198,186,172,0.5)\u00a0\u00bb force_fullwidth=\u00a0\u00bbon\u00a0\u00bb _builder_version=\u00a0\u00bb4.27.4&Prime; _module_preset=\u00a0\u00bbeb2a49d6-ef78-42f8-b166-888683e6bdda\u00a0\u00bb global_colors_info=\u00a0\u00bb{}\u00a0\u00bb][\/et_pb_image][\/et_pb_column][\/et_pb_row][\/et_pb_section]<\/p>\n","protected":false},"excerpt":{"rendered":"<p>Lili Nascimento est une personnalit\u00e9 des percussions br\u00e9siliennes. Petite-fille du fondateur de l\u2019\u00e9cole de Samba \u00ab\u00a0Mocidade Alegre\u00a0\u00bb de S\u00e3o Paulo, elle ma\u00eetrise plusieurs instruments de percussions de la samba, y compris les instruments \u00e0 cordes tels que le cavaquinho, le banjo ou la guitare. Formation :Lili a grandi au coeur de l\u2019\u00e9cole de samba, apr\u00e8s [&hellip;]<\/p>\n","protected":false},"author":1,"featured_media":0,"parent":0,"menu_order":0,"comment_status":"closed","ping_status":"closed","template":"","meta":{"_et_pb_use_builder":"on","_et_pb_old_content":"<!-- wp:divi\/placeholder \/-->","_et_gb_content_width":"","footnotes":""},"class_list":["post-172","page","type-page","status-publish","hentry"],"yoast_head":"<!-- This site is optimized with the Yoast SEO plugin v25.4 - https:\/\/yoast.com\/wordpress\/plugins\/seo\/ -->\n<title>Direction artistique - Soul Brasileira - Batucada Marseille<\/title>\n<meta name=\"robots\" content=\"index, follow, max-snippet:-1, max-image-preview:large, max-video-preview:-1\" \/>\n<link rel=\"canonical\" href=\"https:\/\/www.soul-brasileira.org\/index.php\/lili-nascimento-soul-brasileira-marseille\/\" \/>\n<meta property=\"og:locale\" content=\"fr_FR\" \/>\n<meta property=\"og:type\" content=\"article\" \/>\n<meta property=\"og:title\" content=\"Direction artistique - Soul Brasileira - Batucada Marseille\" \/>\n<meta property=\"og:description\" content=\"Lili Nascimento est une personnalit\u00e9 des percussions br\u00e9siliennes. Petite-fille du fondateur de l\u2019\u00e9cole de Samba \u00ab\u00a0Mocidade Alegre\u00a0\u00bb de S\u00e3o Paulo, elle ma\u00eetrise plusieurs instruments de percussions de la samba, y compris les instruments \u00e0 cordes tels que le cavaquinho, le banjo ou la guitare. Formation :Lili a grandi au coeur de l\u2019\u00e9cole de samba, apr\u00e8s [&hellip;]\" \/>\n<meta property=\"og:url\" content=\"https:\/\/www.soul-brasileira.org\/index.php\/lili-nascimento-soul-brasileira-marseille\/\" \/>\n<meta property=\"og:site_name\" content=\"Soul Brasileira - Batucada Marseille\" \/>\n<meta property=\"article:modified_time\" content=\"2025-08-25T14:44:39+00:00\" \/>\n<meta name=\"twitter:card\" content=\"summary_large_image\" \/>\n<meta name=\"twitter:label1\" content=\"Dur\u00e9e de lecture estim\u00e9e\" \/>\n\t<meta name=\"twitter:data1\" content=\"6 minutes\" \/>\n<script type=\"application\/ld+json\" class=\"yoast-schema-graph\">{\"@context\":\"https:\/\/schema.org\",\"@graph\":[{\"@type\":\"WebPage\",\"@id\":\"https:\/\/www.soul-brasileira.org\/index.php\/lili-nascimento-soul-brasileira-marseille\/\",\"url\":\"https:\/\/www.soul-brasileira.org\/index.php\/lili-nascimento-soul-brasileira-marseille\/\",\"name\":\"Direction artistique - Soul Brasileira - Batucada Marseille\",\"isPartOf\":{\"@id\":\"https:\/\/www.soul-brasileira.org\/#website\"},\"datePublished\":\"2025-07-11T09:46:27+00:00\",\"dateModified\":\"2025-08-25T14:44:39+00:00\",\"breadcrumb\":{\"@id\":\"https:\/\/www.soul-brasileira.org\/index.php\/lili-nascimento-soul-brasileira-marseille\/#breadcrumb\"},\"inLanguage\":\"fr-FR\",\"potentialAction\":[{\"@type\":\"ReadAction\",\"target\":[\"https:\/\/www.soul-brasileira.org\/index.php\/lili-nascimento-soul-brasileira-marseille\/\"]}]},{\"@type\":\"BreadcrumbList\",\"@id\":\"https:\/\/www.soul-brasileira.org\/index.php\/lili-nascimento-soul-brasileira-marseille\/#breadcrumb\",\"itemListElement\":[{\"@type\":\"ListItem\",\"position\":1,\"name\":\"Accueil\",\"item\":\"https:\/\/www.soul-brasileira.org\/\"},{\"@type\":\"ListItem\",\"position\":2,\"name\":\"Direction artistique\"}]},{\"@type\":\"WebSite\",\"@id\":\"https:\/\/www.soul-brasileira.org\/#website\",\"url\":\"https:\/\/www.soul-brasileira.org\/\",\"name\":\"Soul Brasileira - Batucada Marseille\",\"description\":\"\",\"potentialAction\":[{\"@type\":\"SearchAction\",\"target\":{\"@type\":\"EntryPoint\",\"urlTemplate\":\"https:\/\/www.soul-brasileira.org\/?s={search_term_string}\"},\"query-input\":{\"@type\":\"PropertyValueSpecification\",\"valueRequired\":true,\"valueName\":\"search_term_string\"}}],\"inLanguage\":\"fr-FR\"}]}<\/script>\n<!-- \/ Yoast SEO plugin. -->","yoast_head_json":{"title":"Direction artistique - Soul Brasileira - Batucada Marseille","robots":{"index":"index","follow":"follow","max-snippet":"max-snippet:-1","max-image-preview":"max-image-preview:large","max-video-preview":"max-video-preview:-1"},"canonical":"https:\/\/www.soul-brasileira.org\/index.php\/lili-nascimento-soul-brasileira-marseille\/","og_locale":"fr_FR","og_type":"article","og_title":"Direction artistique - Soul Brasileira - Batucada Marseille","og_description":"Lili Nascimento est une personnalit\u00e9 des percussions br\u00e9siliennes. Petite-fille du fondateur de l\u2019\u00e9cole de Samba \u00ab\u00a0Mocidade Alegre\u00a0\u00bb de S\u00e3o Paulo, elle ma\u00eetrise plusieurs instruments de percussions de la samba, y compris les instruments \u00e0 cordes tels que le cavaquinho, le banjo ou la guitare. Formation :Lili a grandi au coeur de l\u2019\u00e9cole de samba, apr\u00e8s [&hellip;]","og_url":"https:\/\/www.soul-brasileira.org\/index.php\/lili-nascimento-soul-brasileira-marseille\/","og_site_name":"Soul Brasileira - Batucada Marseille","article_modified_time":"2025-08-25T14:44:39+00:00","twitter_card":"summary_large_image","twitter_misc":{"Dur\u00e9e de lecture estim\u00e9e":"6 minutes"},"schema":{"@context":"https:\/\/schema.org","@graph":[{"@type":"WebPage","@id":"https:\/\/www.soul-brasileira.org\/index.php\/lili-nascimento-soul-brasileira-marseille\/","url":"https:\/\/www.soul-brasileira.org\/index.php\/lili-nascimento-soul-brasileira-marseille\/","name":"Direction artistique - Soul Brasileira - Batucada Marseille","isPartOf":{"@id":"https:\/\/www.soul-brasileira.org\/#website"},"datePublished":"2025-07-11T09:46:27+00:00","dateModified":"2025-08-25T14:44:39+00:00","breadcrumb":{"@id":"https:\/\/www.soul-brasileira.org\/index.php\/lili-nascimento-soul-brasileira-marseille\/#breadcrumb"},"inLanguage":"fr-FR","potentialAction":[{"@type":"ReadAction","target":["https:\/\/www.soul-brasileira.org\/index.php\/lili-nascimento-soul-brasileira-marseille\/"]}]},{"@type":"BreadcrumbList","@id":"https:\/\/www.soul-brasileira.org\/index.php\/lili-nascimento-soul-brasileira-marseille\/#breadcrumb","itemListElement":[{"@type":"ListItem","position":1,"name":"Accueil","item":"https:\/\/www.soul-brasileira.org\/"},{"@type":"ListItem","position":2,"name":"Direction artistique"}]},{"@type":"WebSite","@id":"https:\/\/www.soul-brasileira.org\/#website","url":"https:\/\/www.soul-brasileira.org\/","name":"Soul Brasileira - Batucada Marseille","description":"","potentialAction":[{"@type":"SearchAction","target":{"@type":"EntryPoint","urlTemplate":"https:\/\/www.soul-brasileira.org\/?s={search_term_string}"},"query-input":{"@type":"PropertyValueSpecification","valueRequired":true,"valueName":"search_term_string"}}],"inLanguage":"fr-FR"}]}},"_links":{"self":[{"href":"https:\/\/www.soul-brasileira.org\/index.php\/wp-json\/wp\/v2\/pages\/172","targetHints":{"allow":["GET"]}}],"collection":[{"href":"https:\/\/www.soul-brasileira.org\/index.php\/wp-json\/wp\/v2\/pages"}],"about":[{"href":"https:\/\/www.soul-brasileira.org\/index.php\/wp-json\/wp\/v2\/types\/page"}],"author":[{"embeddable":true,"href":"https:\/\/www.soul-brasileira.org\/index.php\/wp-json\/wp\/v2\/users\/1"}],"replies":[{"embeddable":true,"href":"https:\/\/www.soul-brasileira.org\/index.php\/wp-json\/wp\/v2\/comments?post=172"}],"version-history":[{"count":20,"href":"https:\/\/www.soul-brasileira.org\/index.php\/wp-json\/wp\/v2\/pages\/172\/revisions"}],"predecessor-version":[{"id":829,"href":"https:\/\/www.soul-brasileira.org\/index.php\/wp-json\/wp\/v2\/pages\/172\/revisions\/829"}],"wp:attachment":[{"href":"https:\/\/www.soul-brasileira.org\/index.php\/wp-json\/wp\/v2\/media?parent=172"}],"curies":[{"name":"wp","href":"https:\/\/api.w.org\/{rel}","templated":true}]}}