{"id":449,"date":"2025-07-13T15:50:44","date_gmt":"2025-07-13T15:50:44","guid":{"rendered":"https:\/\/www.soul-brasileira.org\/?page_id=449"},"modified":"2025-08-25T14:36:27","modified_gmt":"2025-08-25T14:36:27","slug":"perfectionnement-instrument-samba","status":"publish","type":"page","link":"https:\/\/www.soul-brasileira.org\/index.php\/perfectionnement-instrument-samba\/","title":{"rendered":"Perfectionnement instrument samba"},"content":{"rendered":"<p>[et_pb_section fb_built=\u00a0\u00bb1&Prime; fullwidth=\u00a0\u00bbon\u00a0\u00bb _builder_version=\u00a0\u00bb4.27.4&Prime; _module_preset=\u00a0\u00bbdefault\u00a0\u00bb custom_margin=\u00a0\u00bb-113px|||||\u00a0\u00bb global_colors_info=\u00a0\u00bb{}\u00a0\u00bb][et_pb_fullwidth_image src=\u00a0\u00bbhttp:\/\/www.soul-brasileira.org\/wp-content\/uploads\/2025\/07\/bandeau-SB-1.webp\u00a0\u00bb title_text=\u00a0\u00bbbandeau SB (1)\u00a0\u00bb _builder_version=\u00a0\u00bb4.27.4&Prime; _module_preset=\u00a0\u00bbdefault\u00a0\u00bb global_colors_info=\u00a0\u00bb{}\u00a0\u00bb][\/et_pb_fullwidth_image][\/et_pb_section][et_pb_section fb_built=\u00a0\u00bb1&Prime; _builder_version=\u00a0\u00bb4.27.4&Prime; _module_preset=\u00a0\u00bbdefault\u00a0\u00bb min_height=\u00a0\u00bb633.5px\u00a0\u00bb global_colors_info=\u00a0\u00bb{}\u00a0\u00bb][et_pb_row column_structure=\u00a0\u00bb1_2,1_2&Prime; _builder_version=\u00a0\u00bb4.27.4&Prime; _module_preset=\u00a0\u00bbdefault\u00a0\u00bb global_colors_info=\u00a0\u00bb{}\u00a0\u00bb][et_pb_column type=\u00a0\u00bb1_2&Prime; _builder_version=\u00a0\u00bb4.27.4&Prime; _module_preset=\u00a0\u00bbdefault\u00a0\u00bb global_colors_info=\u00a0\u00bb{}\u00a0\u00bb][et_pb_text _builder_version=\u00a0\u00bb4.27.4&Prime; _module_preset=\u00a0\u00bbdefault\u00a0\u00bb text_font=\u00a0\u00bbLato|700|||||||\u00a0\u00bb text_font_size=\u00a0\u00bb72px\u00a0\u00bb inline_fonts=\u00a0\u00bbLato\u00a0\u00bb global_colors_info=\u00a0\u00bb{}\u00a0\u00bb]<\/p>\n<h1><span style=\"font-family: Lato; font-weight: normal; font-size: xx-large; color: #314775;\"><strong>Perfectionnement instruments<\/strong><\/span><\/h1>\n<p>[\/et_pb_text][et_pb_text _builder_version=\u00a0\u00bb4.27.4&Prime; _module_preset=\u00a0\u00bbdefault\u00a0\u00bb inline_fonts=\u00a0\u00bbLato\u00a0\u00bb global_colors_info=\u00a0\u00bb{}\u00a0\u00bb]<\/p>\n<p><span style=\"font-family: Lato; font-weight: normal; font-size: xx-large; color: #3366ff;\"><strong><\/strong><\/span><\/p>\n<p><span style=\"font-family: Lato; font-weight: normal;\">\u00a0<\/span><span style=\"color: #808080; font-size: large; font-family: Lato; font-weight: normal;\">L\u2019association <strong data-start=\"905\" data-end=\"924\">Soul Brasileira<\/strong>, bas\u00e9e \u00e0 Marseille, propose toute l\u2019ann\u00e9e des <strong data-start=\"971\" data-end=\"1067\">cours d\u2019initiation, d\u2019apprentissage et de perfectionnement aux instruments de la samba et des percussions afro-br\u00e9siliennes<\/strong>, dans une ambiance conviviale et collective.<\/span><\/p>\n<h2><span style=\"font-family: Lato; font-weight: normal; font-size: xx-large; color: #999999;\"><strong><\/strong><\/span><\/h2>\n<h2><span style=\"font-family: Lato; font-weight: normal; font-size: xx-large; color: #999999;\"><strong><\/strong><\/span><\/h2>\n<h2><span style=\"font-family: Lato; font-weight: normal; font-size: xx-large; color: #999999;\"><strong><\/strong><\/span><\/h2>\n<h2><span style=\"color: #808080; font-size: large; font-family: Lato; font-weight: normal;\"><\/span><\/h2>\n<h2><span style=\"color: #808080; font-size: large; font-family: Lato; font-weight: normal;\"><\/span><\/h2>\n<h2 data-start=\"1114\" data-end=\"1134\"><span style=\"color: #808080; font-size: large; font-family: Lato; font-weight: normal;\">Nos objectifs :<\/span><\/h2>\n<ul data-start=\"1135\" data-end=\"1361\">\n<li data-start=\"1135\" data-end=\"1216\">\n<h2 data-start=\"1137\" data-end=\"1216\"><span style=\"color: #808080; font-size: large; font-family: Lato; font-weight: normal;\">Transmettre la richesse des <strong data-start=\"1165\" data-end=\"1216\">rythmes du samba, samba-reggae, samba-enredo&#8230;<\/strong><\/span><\/h2>\n<\/li>\n<li data-start=\"1135\" data-end=\"1216\">\n<h2 data-start=\"1137\" data-end=\"1216\"><span style=\"color: #808080; font-size: large; font-family: Lato; font-weight: normal;\"><strong data-start=\"1165\" data-end=\"1216\"><\/strong>Permettre \u00e0 chacun\u00b7e de progresser, quel que soit son niveau<\/span><\/h2>\n<\/li>\n<li data-start=\"1280\" data-end=\"1361\">\n<h2 data-start=\"1282\" data-end=\"1361\"><span style=\"color: #808080; font-size: large; font-family: Lato; font-weight: normal;\">Former des musiciens capables de <strong data-start=\"1315\" data-end=\"1333\">jouer en bloco<\/strong> (groupe de rue) ou en sc\u00e8ne<\/span><\/h2>\n<\/li>\n<\/ul>\n<h2><span style=\"color: #808080; font-size: large; font-family: Lato; font-weight: normal;\">Les cours propos\u00e9s permettent d&rsquo;apprendre et de perfectionner la pratique des instruments.<\/span><\/h2>\n<h2><span style=\"color: #808080; font-size: large; font-family: Lato; font-weight: normal;\"><strong>R\u00e9p\u00e9titions mono-instrument propos\u00e9es :<br \/><\/strong>Cavaquinho<\/span><br \/><span style=\"color: #808080; font-size: large; font-family: Lato; font-weight: normal;\"> Pandeiro<\/span><br \/><span style=\"color: #808080; font-size: large; font-family: Lato; font-weight: normal;\"> Timbal<br \/>Tamborim<\/span><\/h2>\n<h2><span style=\"color: #999999;\"><\/span><\/h2>\n<p>[\/et_pb_text][\/et_pb_column][et_pb_column type=\u00a0\u00bb1_2&Prime; _builder_version=\u00a0\u00bb4.27.4&Prime; _module_preset=\u00a0\u00bbdefault\u00a0\u00bb global_colors_info=\u00a0\u00bb{}\u00a0\u00bb][et_pb_image src=\u00a0\u00bbhttp:\/\/www.soul-brasileira.org\/wp-content\/uploads\/2025\/07\/roda-samba-batucada-marseille-4.webp\u00a0\u00bb title_text=\u00a0\u00bbroda samba batucada marseille 4&Prime; _builder_version=\u00a0\u00bb4.27.4&Prime; _module_preset=\u00a0\u00bbdefault\u00a0\u00bb global_colors_info=\u00a0\u00bb{}\u00a0\u00bb][\/et_pb_image][\/et_pb_column][\/et_pb_row][\/et_pb_section][et_pb_section fb_built=\u00a0\u00bb1&Prime; fullwidth=\u00a0\u00bbon\u00a0\u00bb _builder_version=\u00a0\u00bb4.27.4&Prime; _module_preset=\u00a0\u00bbdefault\u00a0\u00bb global_colors_info=\u00a0\u00bb{}\u00a0\u00bb][et_pb_fullwidth_image src=\u00a0\u00bbhttp:\/\/www.soul-brasileira.org\/wp-content\/uploads\/2025\/07\/bandeau-2.webp\u00a0\u00bb title_text=\u00a0\u00bbbandeau 2&Prime; _builder_version=\u00a0\u00bb4.27.4&Prime; _module_preset=\u00a0\u00bbdefault\u00a0\u00bb global_colors_info=\u00a0\u00bb{}\u00a0\u00bb][\/et_pb_fullwidth_image][\/et_pb_section]<\/p>\n","protected":false},"excerpt":{"rendered":"<p>Perfectionnement instruments \u00a0L\u2019association Soul Brasileira, bas\u00e9e \u00e0 Marseille, propose toute l\u2019ann\u00e9e des cours d\u2019initiation, d\u2019apprentissage et de perfectionnement aux instruments de la samba et des percussions afro-br\u00e9siliennes, dans une ambiance conviviale et collective. Nos objectifs : Transmettre la richesse des rythmes du samba, samba-reggae, samba-enredo&#8230; Permettre \u00e0 chacun\u00b7e de progresser, quel que soit son niveau [&hellip;]<\/p>\n","protected":false},"author":1,"featured_media":0,"parent":0,"menu_order":0,"comment_status":"closed","ping_status":"closed","template":"","meta":{"_et_pb_use_builder":"on","_et_pb_old_content":"<!-- wp:divi\/placeholder \/-->","_et_gb_content_width":"","footnotes":""},"class_list":["post-449","page","type-page","status-publish","hentry"],"yoast_head":"<!-- This site is optimized with the Yoast SEO plugin v25.4 - https:\/\/yoast.com\/wordpress\/plugins\/seo\/ -->\n<title>Perfectionnement instrument samba - Soul Brasileira - Batucada Marseille<\/title>\n<meta name=\"robots\" content=\"index, follow, max-snippet:-1, max-image-preview:large, max-video-preview:-1\" \/>\n<link rel=\"canonical\" href=\"https:\/\/www.soul-brasileira.org\/index.php\/perfectionnement-instrument-samba\/\" \/>\n<meta property=\"og:locale\" content=\"fr_FR\" \/>\n<meta property=\"og:type\" content=\"article\" \/>\n<meta property=\"og:title\" content=\"Perfectionnement instrument samba - Soul Brasileira - Batucada Marseille\" \/>\n<meta property=\"og:description\" content=\"Perfectionnement instruments \u00a0L\u2019association Soul Brasileira, bas\u00e9e \u00e0 Marseille, propose toute l\u2019ann\u00e9e des cours d\u2019initiation, d\u2019apprentissage et de perfectionnement aux instruments de la samba et des percussions afro-br\u00e9siliennes, dans une ambiance conviviale et collective. Nos objectifs : Transmettre la richesse des rythmes du samba, samba-reggae, samba-enredo... Permettre \u00e0 chacun\u00b7e de progresser, quel que soit son niveau [&hellip;]\" \/>\n<meta property=\"og:url\" content=\"https:\/\/www.soul-brasileira.org\/index.php\/perfectionnement-instrument-samba\/\" \/>\n<meta property=\"og:site_name\" content=\"Soul Brasileira - Batucada Marseille\" \/>\n<meta property=\"article:modified_time\" content=\"2025-08-25T14:36:27+00:00\" \/>\n<meta name=\"twitter:card\" content=\"summary_large_image\" \/>\n<meta name=\"twitter:label1\" content=\"Dur\u00e9e de lecture estim\u00e9e\" \/>\n\t<meta name=\"twitter:data1\" content=\"2 minutes\" \/>\n<script type=\"application\/ld+json\" class=\"yoast-schema-graph\">{\"@context\":\"https:\/\/schema.org\",\"@graph\":[{\"@type\":\"WebPage\",\"@id\":\"https:\/\/www.soul-brasileira.org\/index.php\/perfectionnement-instrument-samba\/\",\"url\":\"https:\/\/www.soul-brasileira.org\/index.php\/perfectionnement-instrument-samba\/\",\"name\":\"Perfectionnement instrument samba - Soul Brasileira - Batucada Marseille\",\"isPartOf\":{\"@id\":\"https:\/\/www.soul-brasileira.org\/#website\"},\"datePublished\":\"2025-07-13T15:50:44+00:00\",\"dateModified\":\"2025-08-25T14:36:27+00:00\",\"breadcrumb\":{\"@id\":\"https:\/\/www.soul-brasileira.org\/index.php\/perfectionnement-instrument-samba\/#breadcrumb\"},\"inLanguage\":\"fr-FR\",\"potentialAction\":[{\"@type\":\"ReadAction\",\"target\":[\"https:\/\/www.soul-brasileira.org\/index.php\/perfectionnement-instrument-samba\/\"]}]},{\"@type\":\"BreadcrumbList\",\"@id\":\"https:\/\/www.soul-brasileira.org\/index.php\/perfectionnement-instrument-samba\/#breadcrumb\",\"itemListElement\":[{\"@type\":\"ListItem\",\"position\":1,\"name\":\"Accueil\",\"item\":\"https:\/\/www.soul-brasileira.org\/\"},{\"@type\":\"ListItem\",\"position\":2,\"name\":\"Perfectionnement instrument samba\"}]},{\"@type\":\"WebSite\",\"@id\":\"https:\/\/www.soul-brasileira.org\/#website\",\"url\":\"https:\/\/www.soul-brasileira.org\/\",\"name\":\"Soul Brasileira - Batucada Marseille\",\"description\":\"\",\"potentialAction\":[{\"@type\":\"SearchAction\",\"target\":{\"@type\":\"EntryPoint\",\"urlTemplate\":\"https:\/\/www.soul-brasileira.org\/?s={search_term_string}\"},\"query-input\":{\"@type\":\"PropertyValueSpecification\",\"valueRequired\":true,\"valueName\":\"search_term_string\"}}],\"inLanguage\":\"fr-FR\"}]}<\/script>\n<!-- \/ Yoast SEO plugin. -->","yoast_head_json":{"title":"Perfectionnement instrument samba - Soul Brasileira - Batucada Marseille","robots":{"index":"index","follow":"follow","max-snippet":"max-snippet:-1","max-image-preview":"max-image-preview:large","max-video-preview":"max-video-preview:-1"},"canonical":"https:\/\/www.soul-brasileira.org\/index.php\/perfectionnement-instrument-samba\/","og_locale":"fr_FR","og_type":"article","og_title":"Perfectionnement instrument samba - Soul Brasileira - Batucada Marseille","og_description":"Perfectionnement instruments \u00a0L\u2019association Soul Brasileira, bas\u00e9e \u00e0 Marseille, propose toute l\u2019ann\u00e9e des cours d\u2019initiation, d\u2019apprentissage et de perfectionnement aux instruments de la samba et des percussions afro-br\u00e9siliennes, dans une ambiance conviviale et collective. Nos objectifs : Transmettre la richesse des rythmes du samba, samba-reggae, samba-enredo... Permettre \u00e0 chacun\u00b7e de progresser, quel que soit son niveau [&hellip;]","og_url":"https:\/\/www.soul-brasileira.org\/index.php\/perfectionnement-instrument-samba\/","og_site_name":"Soul Brasileira - Batucada Marseille","article_modified_time":"2025-08-25T14:36:27+00:00","twitter_card":"summary_large_image","twitter_misc":{"Dur\u00e9e de lecture estim\u00e9e":"2 minutes"},"schema":{"@context":"https:\/\/schema.org","@graph":[{"@type":"WebPage","@id":"https:\/\/www.soul-brasileira.org\/index.php\/perfectionnement-instrument-samba\/","url":"https:\/\/www.soul-brasileira.org\/index.php\/perfectionnement-instrument-samba\/","name":"Perfectionnement instrument samba - Soul Brasileira - Batucada Marseille","isPartOf":{"@id":"https:\/\/www.soul-brasileira.org\/#website"},"datePublished":"2025-07-13T15:50:44+00:00","dateModified":"2025-08-25T14:36:27+00:00","breadcrumb":{"@id":"https:\/\/www.soul-brasileira.org\/index.php\/perfectionnement-instrument-samba\/#breadcrumb"},"inLanguage":"fr-FR","potentialAction":[{"@type":"ReadAction","target":["https:\/\/www.soul-brasileira.org\/index.php\/perfectionnement-instrument-samba\/"]}]},{"@type":"BreadcrumbList","@id":"https:\/\/www.soul-brasileira.org\/index.php\/perfectionnement-instrument-samba\/#breadcrumb","itemListElement":[{"@type":"ListItem","position":1,"name":"Accueil","item":"https:\/\/www.soul-brasileira.org\/"},{"@type":"ListItem","position":2,"name":"Perfectionnement instrument samba"}]},{"@type":"WebSite","@id":"https:\/\/www.soul-brasileira.org\/#website","url":"https:\/\/www.soul-brasileira.org\/","name":"Soul Brasileira - Batucada Marseille","description":"","potentialAction":[{"@type":"SearchAction","target":{"@type":"EntryPoint","urlTemplate":"https:\/\/www.soul-brasileira.org\/?s={search_term_string}"},"query-input":{"@type":"PropertyValueSpecification","valueRequired":true,"valueName":"search_term_string"}}],"inLanguage":"fr-FR"}]}},"_links":{"self":[{"href":"https:\/\/www.soul-brasileira.org\/index.php\/wp-json\/wp\/v2\/pages\/449","targetHints":{"allow":["GET"]}}],"collection":[{"href":"https:\/\/www.soul-brasileira.org\/index.php\/wp-json\/wp\/v2\/pages"}],"about":[{"href":"https:\/\/www.soul-brasileira.org\/index.php\/wp-json\/wp\/v2\/types\/page"}],"author":[{"embeddable":true,"href":"https:\/\/www.soul-brasileira.org\/index.php\/wp-json\/wp\/v2\/users\/1"}],"replies":[{"embeddable":true,"href":"https:\/\/www.soul-brasileira.org\/index.php\/wp-json\/wp\/v2\/comments?post=449"}],"version-history":[{"count":26,"href":"https:\/\/www.soul-brasileira.org\/index.php\/wp-json\/wp\/v2\/pages\/449\/revisions"}],"predecessor-version":[{"id":825,"href":"https:\/\/www.soul-brasileira.org\/index.php\/wp-json\/wp\/v2\/pages\/449\/revisions\/825"}],"wp:attachment":[{"href":"https:\/\/www.soul-brasileira.org\/index.php\/wp-json\/wp\/v2\/media?parent=449"}],"curies":[{"name":"wp","href":"https:\/\/api.w.org\/{rel}","templated":true}]}}