{"id":515,"date":"2025-07-13T21:03:16","date_gmt":"2025-07-13T21:03:16","guid":{"rendered":"https:\/\/www.soul-brasileira.org\/?page_id=515"},"modified":"2025-10-02T07:44:25","modified_gmt":"2025-10-02T07:44:25","slug":"formulaire-soul-brasileira","status":"publish","type":"page","link":"https:\/\/www.soul-brasileira.org\/index.php\/formulaire-soul-brasileira\/","title":{"rendered":"Contact"},"content":{"rendered":"<p>[et_pb_section fb_built=\u00a0\u00bb1&Prime; _builder_version=\u00a0\u00bb4.27.4&Prime; _module_preset=\u00a0\u00bbdefault\u00a0\u00bb custom_padding=\u00a0\u00bb||8px|||\u00a0\u00bb global_colors_info=\u00a0\u00bb{}\u00a0\u00bb][et_pb_row column_structure=\u00a0\u00bb1_2,1_2&Prime; _builder_version=\u00a0\u00bb4.27.4&Prime; _module_preset=\u00a0\u00bbdefault\u00a0\u00bb custom_padding=\u00a0\u00bb||3px|||\u00a0\u00bb global_colors_info=\u00a0\u00bb{}\u00a0\u00bb][et_pb_column type=\u00a0\u00bb1_2&Prime; _builder_version=\u00a0\u00bb4.27.4&Prime; _module_preset=\u00a0\u00bbdefault\u00a0\u00bb global_colors_info=\u00a0\u00bb{}\u00a0\u00bb][et_pb_text _builder_version=\u00a0\u00bb4.27.4&Prime; _module_preset=\u00a0\u00bbdefault\u00a0\u00bb background_color=\u00a0\u00bb#75e5a2&Prime; global_colors_info=\u00a0\u00bb{}\u00a0\u00bb]<\/p>\n<h2 style=\"text-align: center;\"><strong style=\"font-size: 26px;\"><span style=\"font-family: Lato; font-size: large;\">Pour nous joindre c&rsquo;est assez simple !<\/span><\/strong><\/h2>\n<h2 style=\"text-align: center;\"><strong><span style=\"font-family: Lato; font-size: large;\"><\/span><\/strong><\/h2>\n<h2 style=\"text-align: center;\"><span style=\"font-family: Lato; font-size: large;\">Par mail : \u00a0<\/span><span style=\"font-family: Lato; font-size: large;\"><a href=\"mailto:simon@soul-brasileira.org\">info@soul-brasileira.org<\/a>\u00a0<\/span><\/h2>\n<h2 style=\"text-align: center;\"><span style=\"font-family: Lato; font-size: large;\">Par t\u00e9l\u00e9phone : 06 50 02 32 77<\/span><\/h2>\n<p><span style=\"font-family: Lato; font-size: large;\"><\/span><\/p>\n<p><span style=\"font-family: Lato; font-size: large;\"><\/span><\/p>\n<h2 style=\"text-align: center;\"><span style=\"font-size: large;\">R\u00e9ponse sous 48 h max!<\/span><\/h2>\n<p>[\/et_pb_text][\/et_pb_column][et_pb_column type=\u00a0\u00bb1_2&Prime; _builder_version=\u00a0\u00bb4.27.4&Prime; _module_preset=\u00a0\u00bbdefault\u00a0\u00bb global_colors_info=\u00a0\u00bb{}\u00a0\u00bb][et_pb_text _builder_version=\u00a0\u00bb4.27.4&Prime; _module_preset=\u00a0\u00bbdefault\u00a0\u00bb inline_fonts=\u00a0\u00bbLato\u00a0\u00bb global_colors_info=\u00a0\u00bb{}\u00a0\u00bb]<\/p>\n<h2><strong><span style=\"font-family: Lato; font-size: large;\">Vous \u00eates un particulier : <\/span><\/strong><\/h2>\n<h2><span style=\"font-family: Lato; font-size: large;\">Faites entrer la musique br\u00e9silienne dans votre vie ! <br \/><\/span><span style=\"font-family: Lato; font-size: large;\"><strong>Profitez du premier un cours d&rsquo;essai gratuit!\u00a0<\/strong><br \/><\/span><span style=\"font-family: Lato; font-size: large;\">Tous les niveaux sont accept\u00e9s.<br \/>REJOIGNEZ-NOUS!<\/span><\/h2>\n<p><span style=\"font-family: Lato; font-size: large;\"><\/span><\/p>\n<p><span style=\"font-family: Lato; font-size: large;\"><\/span><\/p>\n<p><span style=\"font-family: Lato; font-size: large;\"><\/span><\/p>\n<p><span style=\"font-family: Lato; font-size: large;\"><\/span><\/p>\n<h2><\/h2>\n<h2><strong style=\"font-size: 26px;\"><span style=\"font-family: Lato; font-size: large;\">Vous \u00eates une entreprise, une collectivit\u00e9, un centre social&#8230;, <\/span><\/strong><span style=\"font-family: Lato; font-size: large;\">B<\/span><span style=\"font-family: Lato; font-size: large;\">\u00e9n\u00e9ficiez de nos prestations :\u00a0<br \/><\/span><span style=\"font-family: Lato; font-size: large;\">&#8211; Animation de vos \u00e9v\u00e9nements\u00a0<br \/>&#8211; Team building <br \/><\/span><span style=\"font-family: Lato; font-size: large;\">&#8211; Ateliers d&rsquo;\u00e9veil aux percussions br\u00e9siliennes<\/span><\/h2>\n<h2><strong><span style=\"font-family: Lato; font-size: large;\"><\/span><\/strong><\/h2>\n<h2><span style=\"font-family: Lato; font-size: large;\">\u00a0<\/span><\/h2>\n<h2><strong><span style=\"font-family: Lato; font-size: large;\">\u00a0<\/span><\/strong><\/h2>\n<p>[\/et_pb_text][\/et_pb_column][\/et_pb_row][\/et_pb_section][et_pb_section fb_built=\u00a0\u00bb1&Prime; fullwidth=\u00a0\u00bbon\u00a0\u00bb _builder_version=\u00a0\u00bb4.27.4&Prime; _module_preset=\u00a0\u00bbdefault\u00a0\u00bb global_colors_info=\u00a0\u00bb{}\u00a0\u00bb][et_pb_fullwidth_image src=\u00a0\u00bbhttp:\/\/www.soul-brasileira.org\/wp-content\/uploads\/2025\/07\/bandeau-SB-1.webp\u00a0\u00bb title_text=\u00a0\u00bbbandeau SB (1)\u00a0\u00bb _builder_version=\u00a0\u00bb4.27.4&Prime; _module_preset=\u00a0\u00bbdefault\u00a0\u00bb global_colors_info=\u00a0\u00bb{}\u00a0\u00bb][\/et_pb_fullwidth_image][\/et_pb_section][et_pb_section fb_built=\u00a0\u00bb1&Prime; admin_label=\u00a0\u00bbFooter\u00a0\u00bb _builder_version=\u00a0\u00bb4.25.1&Prime; _module_preset=\u00a0\u00bbdefault\u00a0\u00bb saved_tabs=\u00a0\u00bball\u00a0\u00bb collapsed=\u00a0\u00bbon\u00a0\u00bb global_colors_info=\u00a0\u00bb{}\u00a0\u00bb][et_pb_row column_structure=\u00a0\u00bb1_2,1_2&Prime; _builder_version=\u00a0\u00bb4.27.4&Prime; _module_preset=\u00a0\u00bbdefault\u00a0\u00bb custom_padding=\u00a0\u00bb||1px|||\u00a0\u00bb global_colors_info=\u00a0\u00bb{}\u00a0\u00bb][et_pb_column type=\u00a0\u00bb1_2&Prime; _builder_version=\u00a0\u00bb4.25.1&Prime; _module_preset=\u00a0\u00bbdefault\u00a0\u00bb global_colors_info=\u00a0\u00bb{}\u00a0\u00bb][et_pb_text _builder_version=\u00a0\u00bb4.27.4&Prime; _module_preset=\u00a0\u00bbc840db68-71b9-4bcd-96dd-9fd3446d5682&Prime; custom_padding=\u00a0\u00bb||0px|||\u00a0\u00bb global_colors_info=\u00a0\u00bb{}\u00a0\u00bb]<\/p>\n<p><span style=\"font-size: 18px;\"><b>LIEU ET HORAIRES DES REPETITIONS :\u00a0<\/b><\/span><\/p>\n<p>[\/et_pb_text][\/et_pb_column][et_pb_column type=\u00a0\u00bb1_2&Prime; _builder_version=\u00a0\u00bb4.25.1&Prime; _module_preset=\u00a0\u00bbdefault\u00a0\u00bb global_colors_info=\u00a0\u00bb{}\u00a0\u00bb][\/et_pb_column][\/et_pb_row][et_pb_row column_structure=\u00a0\u00bb1_2,1_2&Prime; _builder_version=\u00a0\u00bb4.27.4&Prime; _module_preset=\u00a0\u00bbdefault\u00a0\u00bb global_colors_info=\u00a0\u00bb{}\u00a0\u00bb][et_pb_column type=\u00a0\u00bb1_2&Prime; _builder_version=\u00a0\u00bb4.25.1&Prime; _module_preset=\u00a0\u00bbdefault\u00a0\u00bb global_colors_info=\u00a0\u00bb{}\u00a0\u00bb][et_pb_text _builder_version=\u00a0\u00bb4.27.4&Prime; _module_preset=\u00a0\u00bbdefault\u00a0\u00bb global_colors_info=\u00a0\u00bb{}\u00a0\u00bb]<\/p>\n<p><span style=\"font-size: large; font-family: inherit; font-weight: normal;\"><strong>Bloco da Lili<\/strong> ( Samba Reggae et Samba Enredo)<\/span><br \/><span style=\"font-size: large; font-family: inherit; font-weight: normal;\">Lieu : La fraternit\u00e9 de la Belle de mai (13003)\u00a0<br \/><\/span><br \/><span style=\"font-size: large; font-family: inherit; font-weight: normal;\">Horaire : Mercredi : 20h &#8211; 22h &#8211; Samba Enredo<\/span><br \/><span style=\"font-size: large; font-family: inherit; font-weight: normal;\">Horaire : Vendredi : 20h &#8211; 22h &#8211; Samba Reggae<\/span><\/p>\n<p><span style=\"font-size: large; font-family: inherit; font-weight: normal;\">=&gt;Bus 33 : Arr\u00eat Burel Pombi\u00e8res<\/span><br \/><span style=\"font-size: large; font-family: inherit; font-weight: normal;\">=&gt;Bus 72 : Arr\u00eat Plombieres Bon secours<\/span><br \/><span style=\"font-size: large; font-family: inherit; font-weight: normal;\">=&gt;Bus 31 &amp; 34 : Arr\u00eat Perrin Guigon\u00a0<\/span><\/p>\n<p>[\/et_pb_text][\/et_pb_column][et_pb_column type=\u00a0\u00bb1_2&Prime; _builder_version=\u00a0\u00bb4.27.4&Prime; _module_preset=\u00a0\u00bbdefault\u00a0\u00bb global_colors_info=\u00a0\u00bb{}\u00a0\u00bb][et_pb_text _builder_version=\u00a0\u00bb4.27.4&Prime; _module_preset=\u00a0\u00bbc840db68-71b9-4bcd-96dd-9fd3446d5682&Prime; custom_padding=\u00a0\u00bb||0px|||\u00a0\u00bb global_colors_info=\u00a0\u00bb{}\u00a0\u00bb]<\/p>\n<p><span style=\"font-size: large; font-family: inherit; font-weight: normal;\"><strong>Roda de samba :<br \/><\/strong>Lieu : Espace Hyperion ( 13004 )\u00a0<\/span><br \/><span style=\"font-size: large; font-family: inherit; font-weight: normal;\"><br \/>Horaire : Samedi : 16h &#8211; 18h<br \/><\/span><br \/><span style=\"font-size: large; font-family: inherit; font-weight: normal;\">=&gt; M\u00e9tro et trawway : 5 avenues<\/span><\/p>\n<p><span style=\"font-size: large; font-family: inherit; font-weight: normal;\">\u00a0<\/span><\/p>\n<p>[\/et_pb_text][\/et_pb_column][\/et_pb_row][et_pb_row _builder_version=\u00a0\u00bb4.25.1&Prime; _module_preset=\u00a0\u00bbdefault\u00a0\u00bb border_color_all=\u00a0\u00bbrgba(0,0,0,0.12)\u00a0\u00bb border_width_top=\u00a0\u00bb1px\u00a0\u00bb global_colors_info=\u00a0\u00bb{}\u00a0\u00bb][et_pb_column type=\u00a0\u00bb4_4&Prime; _builder_version=\u00a0\u00bb4.25.1&Prime; _module_preset=\u00a0\u00bbdefault\u00a0\u00bb global_colors_info=\u00a0\u00bb{}\u00a0\u00bb][et_pb_text _builder_version=\u00a0\u00bb4.25.1&Prime; _dynamic_attributes=\u00a0\u00bbcontent\u00a0\u00bb _module_preset=\u00a0\u00bbc840db68-71b9-4bcd-96dd-9fd3446d5682&Prime; global_colors_info=\u00a0\u00bb{}\u00a0\u00bb]@ET-DC@eyJkeW5hbWljIjp0cnVlLCJjb250ZW50IjoiY3VycmVudF9kYXRlIiwic2V0dGluZ3MiOnsiYmVmb3JlIjoiQ29weXJpZ2h0ICZjb3B5OyAiLCJhZnRlciI6IiBEaXZpLiBBbGwgUmlnaHRzIFJlc2VydmVkLiIsImRhdGVfZm9ybWF0IjoiY3VzdG9tIiwiY3VzdG9tX2RhdGVfZm9ybWF0IjoiWSJ9fQ==@[\/et_pb_text][\/et_pb_column][\/et_pb_row][\/et_pb_section]<\/p>\n","protected":false},"excerpt":{"rendered":"<p>Pour nous joindre c&rsquo;est assez simple ! Par mail : \u00a0info@soul-brasileira.org\u00a0 Par t\u00e9l\u00e9phone : 06 50 02 32 77 R\u00e9ponse sous 48 h max!Vous \u00eates un particulier : Faites entrer la musique br\u00e9silienne dans votre vie ! Profitez du premier un cours d&rsquo;essai gratuit!\u00a0Tous les niveaux sont accept\u00e9s.REJOIGNEZ-NOUS! Vous \u00eates une entreprise, une collectivit\u00e9, un [&hellip;]<\/p>\n","protected":false},"author":1,"featured_media":0,"parent":0,"menu_order":0,"comment_status":"closed","ping_status":"closed","template":"","meta":{"_et_pb_use_builder":"on","_et_pb_old_content":"","_et_gb_content_width":"","footnotes":""},"class_list":["post-515","page","type-page","status-publish","hentry"],"yoast_head":"<!-- This site is optimized with the Yoast SEO plugin v25.4 - https:\/\/yoast.com\/wordpress\/plugins\/seo\/ -->\n<title>Contact - Soul Brasileira - Batucada Marseille<\/title>\n<meta name=\"robots\" content=\"index, follow, max-snippet:-1, max-image-preview:large, max-video-preview:-1\" \/>\n<link rel=\"canonical\" href=\"https:\/\/www.soul-brasileira.org\/index.php\/formulaire-soul-brasileira\/\" \/>\n<meta property=\"og:locale\" content=\"fr_FR\" \/>\n<meta property=\"og:type\" content=\"article\" \/>\n<meta property=\"og:title\" content=\"Contact - Soul Brasileira - Batucada Marseille\" \/>\n<meta property=\"og:description\" content=\"Pour nous joindre c&#039;est assez simple ! Par mail : \u00a0info@soul-brasileira.org\u00a0 Par t\u00e9l\u00e9phone : 06 50 02 32 77 R\u00e9ponse sous 48 h max!Vous \u00eates un particulier : Faites entrer la musique br\u00e9silienne dans votre vie ! Profitez du premier un cours d&#039;essai gratuit!\u00a0Tous les niveaux sont accept\u00e9s.REJOIGNEZ-NOUS! Vous \u00eates une entreprise, une collectivit\u00e9, un [&hellip;]\" \/>\n<meta property=\"og:url\" content=\"https:\/\/www.soul-brasileira.org\/index.php\/formulaire-soul-brasileira\/\" \/>\n<meta property=\"og:site_name\" content=\"Soul Brasileira - Batucada Marseille\" \/>\n<meta property=\"article:modified_time\" content=\"2025-10-02T07:44:25+00:00\" \/>\n<meta name=\"twitter:card\" content=\"summary_large_image\" \/>\n<meta name=\"twitter:label1\" content=\"Dur\u00e9e de lecture estim\u00e9e\" \/>\n\t<meta name=\"twitter:data1\" content=\"1 minute\" \/>\n<script type=\"application\/ld+json\" class=\"yoast-schema-graph\">{\"@context\":\"https:\/\/schema.org\",\"@graph\":[{\"@type\":\"WebPage\",\"@id\":\"https:\/\/www.soul-brasileira.org\/index.php\/formulaire-soul-brasileira\/\",\"url\":\"https:\/\/www.soul-brasileira.org\/index.php\/formulaire-soul-brasileira\/\",\"name\":\"Contact - Soul Brasileira - Batucada Marseille\",\"isPartOf\":{\"@id\":\"https:\/\/www.soul-brasileira.org\/#website\"},\"datePublished\":\"2025-07-13T21:03:16+00:00\",\"dateModified\":\"2025-10-02T07:44:25+00:00\",\"breadcrumb\":{\"@id\":\"https:\/\/www.soul-brasileira.org\/index.php\/formulaire-soul-brasileira\/#breadcrumb\"},\"inLanguage\":\"fr-FR\",\"potentialAction\":[{\"@type\":\"ReadAction\",\"target\":[\"https:\/\/www.soul-brasileira.org\/index.php\/formulaire-soul-brasileira\/\"]}]},{\"@type\":\"BreadcrumbList\",\"@id\":\"https:\/\/www.soul-brasileira.org\/index.php\/formulaire-soul-brasileira\/#breadcrumb\",\"itemListElement\":[{\"@type\":\"ListItem\",\"position\":1,\"name\":\"Accueil\",\"item\":\"https:\/\/www.soul-brasileira.org\/\"},{\"@type\":\"ListItem\",\"position\":2,\"name\":\"Contact\"}]},{\"@type\":\"WebSite\",\"@id\":\"https:\/\/www.soul-brasileira.org\/#website\",\"url\":\"https:\/\/www.soul-brasileira.org\/\",\"name\":\"Soul Brasileira - Batucada Marseille\",\"description\":\"\",\"potentialAction\":[{\"@type\":\"SearchAction\",\"target\":{\"@type\":\"EntryPoint\",\"urlTemplate\":\"https:\/\/www.soul-brasileira.org\/?s={search_term_string}\"},\"query-input\":{\"@type\":\"PropertyValueSpecification\",\"valueRequired\":true,\"valueName\":\"search_term_string\"}}],\"inLanguage\":\"fr-FR\"}]}<\/script>\n<!-- \/ Yoast SEO plugin. -->","yoast_head_json":{"title":"Contact - Soul Brasileira - Batucada Marseille","robots":{"index":"index","follow":"follow","max-snippet":"max-snippet:-1","max-image-preview":"max-image-preview:large","max-video-preview":"max-video-preview:-1"},"canonical":"https:\/\/www.soul-brasileira.org\/index.php\/formulaire-soul-brasileira\/","og_locale":"fr_FR","og_type":"article","og_title":"Contact - Soul Brasileira - Batucada Marseille","og_description":"Pour nous joindre c'est assez simple ! Par mail : \u00a0info@soul-brasileira.org\u00a0 Par t\u00e9l\u00e9phone : 06 50 02 32 77 R\u00e9ponse sous 48 h max!Vous \u00eates un particulier : Faites entrer la musique br\u00e9silienne dans votre vie ! Profitez du premier un cours d'essai gratuit!\u00a0Tous les niveaux sont accept\u00e9s.REJOIGNEZ-NOUS! Vous \u00eates une entreprise, une collectivit\u00e9, un [&hellip;]","og_url":"https:\/\/www.soul-brasileira.org\/index.php\/formulaire-soul-brasileira\/","og_site_name":"Soul Brasileira - Batucada Marseille","article_modified_time":"2025-10-02T07:44:25+00:00","twitter_card":"summary_large_image","twitter_misc":{"Dur\u00e9e de lecture estim\u00e9e":"1 minute"},"schema":{"@context":"https:\/\/schema.org","@graph":[{"@type":"WebPage","@id":"https:\/\/www.soul-brasileira.org\/index.php\/formulaire-soul-brasileira\/","url":"https:\/\/www.soul-brasileira.org\/index.php\/formulaire-soul-brasileira\/","name":"Contact - Soul Brasileira - Batucada Marseille","isPartOf":{"@id":"https:\/\/www.soul-brasileira.org\/#website"},"datePublished":"2025-07-13T21:03:16+00:00","dateModified":"2025-10-02T07:44:25+00:00","breadcrumb":{"@id":"https:\/\/www.soul-brasileira.org\/index.php\/formulaire-soul-brasileira\/#breadcrumb"},"inLanguage":"fr-FR","potentialAction":[{"@type":"ReadAction","target":["https:\/\/www.soul-brasileira.org\/index.php\/formulaire-soul-brasileira\/"]}]},{"@type":"BreadcrumbList","@id":"https:\/\/www.soul-brasileira.org\/index.php\/formulaire-soul-brasileira\/#breadcrumb","itemListElement":[{"@type":"ListItem","position":1,"name":"Accueil","item":"https:\/\/www.soul-brasileira.org\/"},{"@type":"ListItem","position":2,"name":"Contact"}]},{"@type":"WebSite","@id":"https:\/\/www.soul-brasileira.org\/#website","url":"https:\/\/www.soul-brasileira.org\/","name":"Soul Brasileira - Batucada Marseille","description":"","potentialAction":[{"@type":"SearchAction","target":{"@type":"EntryPoint","urlTemplate":"https:\/\/www.soul-brasileira.org\/?s={search_term_string}"},"query-input":{"@type":"PropertyValueSpecification","valueRequired":true,"valueName":"search_term_string"}}],"inLanguage":"fr-FR"}]}},"_links":{"self":[{"href":"https:\/\/www.soul-brasileira.org\/index.php\/wp-json\/wp\/v2\/pages\/515","targetHints":{"allow":["GET"]}}],"collection":[{"href":"https:\/\/www.soul-brasileira.org\/index.php\/wp-json\/wp\/v2\/pages"}],"about":[{"href":"https:\/\/www.soul-brasileira.org\/index.php\/wp-json\/wp\/v2\/types\/page"}],"author":[{"embeddable":true,"href":"https:\/\/www.soul-brasileira.org\/index.php\/wp-json\/wp\/v2\/users\/1"}],"replies":[{"embeddable":true,"href":"https:\/\/www.soul-brasileira.org\/index.php\/wp-json\/wp\/v2\/comments?post=515"}],"version-history":[{"count":31,"href":"https:\/\/www.soul-brasileira.org\/index.php\/wp-json\/wp\/v2\/pages\/515\/revisions"}],"predecessor-version":[{"id":951,"href":"https:\/\/www.soul-brasileira.org\/index.php\/wp-json\/wp\/v2\/pages\/515\/revisions\/951"}],"wp:attachment":[{"href":"https:\/\/www.soul-brasileira.org\/index.php\/wp-json\/wp\/v2\/media?parent=515"}],"curies":[{"name":"wp","href":"https:\/\/api.w.org\/{rel}","templated":true}]}}